{"id":7920,"date":"2019-03-19T10:56:21","date_gmt":"2019-03-19T09:56:21","guid":{"rendered":"https:\/\/matre.de\/bio\/"},"modified":"2022-02-03T17:32:44","modified_gmt":"2022-02-03T16:32:44","slug":"bio","status":"publish","type":"page","link":"https:\/\/matre.de\/fr\/bio\/","title":{"rendered":"Bio"},"content":{"rendered":"<div id='layer_slider_1'  class='avia-layerslider main_color avia-shadow  avia-builder-el-0  el_before_av_one_full  avia-builder-el-first  container_wrap fullsize'  style='height: 471px; max-width: 1140px; margin: 0 auto;'  ><\/div><div id='after_layer_slider_1'  class='main_color av_default_container_wrap container_wrap fullsize'  ><div class='container av-section-cont-open' ><div class='template-page content  av-content-full alpha units'><div class='post-entry post-entry-type-page post-entry-7920'><div class='entry-content-wrapper clearfix'>\n\n<style type=\"text\/css\" data-created_by=\"avia_inline_auto\" id=\"style-css-av-d7g0tq-be2b2ae95eea9a32bf944884bd517463\">\n.flex_column.av-d7g0tq-be2b2ae95eea9a32bf944884bd517463{\nborder-radius:0px 0px 0px 0px;\npadding:0px 0px 0px 0px;\n}\n<\/style>\n<div  class='flex_column av-d7g0tq-be2b2ae95eea9a32bf944884bd517463 av_one_full  avia-builder-el-1  el_after_av_layerslider  el_before_av_one_half  avia-builder-el-first  first flex_column_div av-zero-column-padding  '     ><style type=\"text\/css\" data-created_by=\"avia_inline_auto\" id=\"style-css-av-jtfl4c7m-6ddad8f4c72d98726232e25aa86dc2fd\">\n#top .av-special-heading.av-jtfl4c7m-6ddad8f4c72d98726232e25aa86dc2fd{\npadding-bottom:10px;\n}\nbody .av-special-heading.av-jtfl4c7m-6ddad8f4c72d98726232e25aa86dc2fd .av-special-heading-tag .heading-char{\nfont-size:25px;\n}\n.av-special-heading.av-jtfl4c7m-6ddad8f4c72d98726232e25aa86dc2fd .av-subheading{\nfont-size:15px;\n}\n<\/style>\n<div  class='av-special-heading av-jtfl4c7m-6ddad8f4c72d98726232e25aa86dc2fd av-special-heading-h2 blockquote modern-quote  avia-builder-el-2  avia-builder-el-no-sibling '><h2 class='av-special-heading-tag '  itemprop=\"headline\"  >Bio<\/h2><div class=\"special-heading-border\"><div class=\"special-heading-inner-border\"><\/div><\/div><\/div><\/div>\n\n<style type=\"text\/css\" data-created_by=\"avia_inline_auto\" id=\"style-css-av-a9fd4u-552d5d46f53c2b3182e3c2c77d6f0018\">\n.flex_column.av-a9fd4u-552d5d46f53c2b3182e3c2c77d6f0018{\nborder-radius:0px 0px 0px 0px;\npadding:0px 0px 0px 0px;\n}\n<\/style>\n<div  class='flex_column av-a9fd4u-552d5d46f53c2b3182e3c2c77d6f0018 av_one_half  avia-builder-el-3  el_after_av_one_full  el_before_av_one_fifth  first flex_column_div av-zero-column-padding  column-top-margin'     ><section  class='av_textblock_section av-jtfl6ejf-1b183e33cde2de999cd3584332628002 '   itemscope=\"itemscope\" itemtype=\"https:\/\/schema.org\/CreativeWork\" ><div class='avia_textblock'  itemprop=\"text\" ><p>Le trait saillant de l`\u0153uvre de Matre est la volont\u00e9 d&rsquo;exp\u00e9rimentation fr\u00e9quemment exprim\u00e9e, tant en termes de mat\u00e9riaux que de technologie. Cependant, ce sont toujours ses propres pens\u00e9es, sentiments et visions qu&rsquo;elle redessine avec les m\u00e9diums de la couleur, du bronze et de l&rsquo;argile, les transformant en une autre dimension.<\/p>\n<p style=\"text-align: right;\"><em>Dr. Peter Blomen<\/em><\/p>\n<\/div><\/section><\/div>\n\n<style type=\"text\/css\" data-created_by=\"avia_inline_auto\" id=\"style-css-av-8tmv7y-ceecf6967fac67c77b9dd6031b53fb5b\">\n.flex_column.av-8tmv7y-ceecf6967fac67c77b9dd6031b53fb5b{\nborder-radius:0px 0px 0px 0px;\npadding:0px 0px 0px 0px;\n}\n<\/style>\n<div  class='flex_column av-8tmv7y-ceecf6967fac67c77b9dd6031b53fb5b av_one_fifth  avia-builder-el-5  el_after_av_one_half  el_before_av_one_half  flex_column_div av-zero-column-padding  column-top-margin'     ><style type=\"text\/css\" data-created_by=\"avia_inline_auto\" id=\"style-css-av-jtfl8p85-836dcbf99533aceec0c3cdf2bcaded05\">\n.avia-image-container.av-jtfl8p85-836dcbf99533aceec0c3cdf2bcaded05 img.avia_image{\nbox-shadow:none;\n}\n.avia-image-container.av-jtfl8p85-836dcbf99533aceec0c3cdf2bcaded05 .av-image-caption-overlay-center{\ncolor:#ffffff;\n}\n<\/style>\n<div  class='avia-image-container av-jtfl8p85-836dcbf99533aceec0c3cdf2bcaded05 av-styling- avia-align-left  avia-builder-el-6  avia-builder-el-no-sibling '   itemprop=\"image\" itemscope=\"itemscope\" itemtype=\"https:\/\/schema.org\/ImageObject\" ><div class=\"avia-image-container-inner\"><div class=\"avia-image-overlay-wrap\"><img decoding=\"async\" fetchpriority=\"high\" class='wp-image-7718 avia-img-lazy-loading-not-7718 avia_image ' src=\"https:\/\/matre.de\/wp-content\/uploads\/2021\/12\/portrait_matre.jpg\" alt='' title='MATRE portrait photo'  height=\"660\" width=\"440\"  itemprop=\"thumbnailUrl\" srcset=\"https:\/\/matre.de\/wp-content\/uploads\/2021\/12\/portrait_matre.jpg 440w, https:\/\/matre.de\/wp-content\/uploads\/2021\/12\/portrait_matre-320x480.jpg 320w\" sizes=\"(max-width: 440px) 100vw, 440px\" \/><\/div><\/div><\/div><\/div>\n\n<style type=\"text\/css\" data-created_by=\"avia_inline_auto\" id=\"style-css-av-765nvy-50b176e661a7bebe057b75f07e802659\">\n.flex_column.av-765nvy-50b176e661a7bebe057b75f07e802659{\nborder-radius:0px 0px 0px 0px;\npadding:0px 0px 0px 0px;\n}\n<\/style>\n<div  class='flex_column av-765nvy-50b176e661a7bebe057b75f07e802659 av_one_half  avia-builder-el-7  el_after_av_one_fifth  el_before_av_one_half  first flex_column_div av-zero-column-padding  column-top-margin'     ><style type=\"text\/css\" data-created_by=\"avia_inline_auto\" id=\"style-css-av-jtfl9da3-65af4f138bbfebed726a837ba9469505\">\n#top .hr.hr-invisible.av-jtfl9da3-65af4f138bbfebed726a837ba9469505{\nheight:50px;\n}\n<\/style>\n<div  class='hr av-jtfl9da3-65af4f138bbfebed726a837ba9469505 hr-invisible  avia-builder-el-8  avia-builder-el-no-sibling '><span class='hr-inner '><span class=\"hr-inner-style\"><\/span><\/span><\/div><\/div>\n\n<style type=\"text\/css\" data-created_by=\"avia_inline_auto\" id=\"style-css-av-6gat32-3ed6d20f8996da62ecaee192e366e7d6\">\n.flex_column.av-6gat32-3ed6d20f8996da62ecaee192e366e7d6{\nborder-radius:0px 0px 0px 0px;\npadding:0px 0px 0px 0px;\n}\n<\/style>\n<div  class='flex_column av-6gat32-3ed6d20f8996da62ecaee192e366e7d6 av_one_half  avia-builder-el-9  el_after_av_one_half  el_before_av_one_full  flex_column_div av-zero-column-padding  column-top-margin'     ><section  class='av_textblock_section av-jtflag6h-9522cc4e17ec935f2781007e62ac0158 '   itemscope=\"itemscope\" itemtype=\"https:\/\/schema.org\/CreativeWork\" ><div class='avia_textblock'  itemprop=\"text\" ><p>n\u00e9 en 1958<br \/>\n1981 &#8211; 1986 \u00e9tudes \u00e0 Kiel, Dipl.-Ing.<br \/>\nDepuis 1997 artiste visuel ind\u00e9pendante<\/p>\n<p>Membre de:<br \/>\n<a href=\"http:\/\/www.duesseldorfer-kuenstlerinnen.de\/\" target=\"_blank\" rel=\"noopener noreferrer\">Association des femmes artistes de D\u00fcsseldorf e.V.<\/a><br \/>\n<a href=\"http:\/\/www.gedok-a46.de\/\" target=\"_blank\" rel=\"noopener noreferrer\">GEDOK A46 D\u00fcsseldorf e.V.<\/a><br \/>\n<a href=\"http:\/\/www.bbk-kunstforum.de\/\" target=\"_blank\" rel=\"noopener noreferrer\">BBK D\u00fcsseldorf e.V.<\/a><br \/>\n<a href=\"http:\/\/www.frauenmuseum.de\/\" target=\"_blank\" rel=\"noopener noreferrer\">Frauenmuseum Bonn e.V.<\/a><\/p>\n<p>Domaines de travail:<br \/>\nsculpture, peinture, installation, action<\/p>\n<\/div><\/section><\/div><div  class='flex_column av-1xbtny-63830ed940b502b4e85d4830f0c9c1b9 av_one_full  avia-builder-el-11  el_after_av_one_half  el_before_av_one_half  first flex_column_div  column-top-margin'     ><p>\n<style type=\"text\/css\" data-created_by=\"avia_inline_auto\" id=\"style-css-av-jtfl9da3-816e900396ac491172e76700c3ffe0de\">\n#top .hr.hr-invisible.av-jtfl9da3-816e900396ac491172e76700c3ffe0de{\nheight:32px;\n}\n<\/style>\n<div  class='hr av-jtfl9da3-816e900396ac491172e76700c3ffe0de hr-invisible  avia-builder-el-12  el_before_av_heading  avia-builder-el-first '><span class='hr-inner '><span class=\"hr-inner-style\"><\/span><\/span><\/div><br \/>\n\n<style type=\"text\/css\" data-created_by=\"avia_inline_auto\" id=\"style-css-av-kxqh2xas-aaa95a71b6527a31e8d235a026b6a55d\">\n#top .av-special-heading.av-kxqh2xas-aaa95a71b6527a31e8d235a026b6a55d{\npadding-bottom:10px;\n}\nbody .av-special-heading.av-kxqh2xas-aaa95a71b6527a31e8d235a026b6a55d .av-special-heading-tag .heading-char{\nfont-size:25px;\n}\n.av-special-heading.av-kxqh2xas-aaa95a71b6527a31e8d235a026b6a55d .av-subheading{\nfont-size:15px;\n}\n<\/style>\n<div  class='av-special-heading av-kxqh2xas-aaa95a71b6527a31e8d235a026b6a55d av-special-heading-h2 blockquote modern-quote  avia-builder-el-13  el_after_av_hr  avia-builder-el-last '><h2 class='av-special-heading-tag '  itemprop=\"headline\"  >S\u00e9lection des expositions, actions et installations<\/h2><div class=\"special-heading-border\"><div class=\"special-heading-inner-border\"><\/div><\/div><\/div><\/p><\/div><\/p>\n\n<style type=\"text\/css\" data-created_by=\"avia_inline_auto\" id=\"style-css-av-4lhjku-b6cdbfd1eed15c06ecd03dfc1741ca72\">\n.flex_column.av-4lhjku-b6cdbfd1eed15c06ecd03dfc1741ca72{\nborder-radius:0px 0px 0px 0px;\npadding:0px 0px 0px 0px;\n}\n<\/style>\n<div  class='flex_column av-4lhjku-b6cdbfd1eed15c06ecd03dfc1741ca72 av_one_half  avia-builder-el-14  el_after_av_one_full  el_before_av_one_half  first flex_column_div av-zero-column-padding  column-top-margin'     ><section  class='av_textblock_section av-jtflhy7y-789eddccfaffe07b3450bf5a805f2249 '   itemscope=\"itemscope\" itemtype=\"https:\/\/schema.org\/CreativeWork\" ><div class='avia_textblock'  itemprop=\"text\" ><p class=\"p1\">2021<br \/>\n\u00ab\u00a0wind of change\u00a0\u00bb pour le 10e festival d&rsquo;art \u00e9olien \u00ab\u00a0bewegter wind\u00a0\u00bb sur le th\u00e8me du \u00ab\u00a0change\u00a0\u00bb, 700 masques en tissus cousus soufflent au vent le long du Diemel.<br \/>\nSEMER DES PENS\u00c9ES, une installation 6mx6mx10m, exposition nationale pour les 100 ans de Beuys, Hangar Detmold, GEDOK OWL<br \/>\nEUROPE !\u00a0O\u00d9!\u00a07e concours europ\u00e9en d&rsquo;artistes argile, 270x50x40 cm, Europa Union, finaliste, nomination en tant qu&rsquo;artiste europ\u00e9en RAINBOW COLORS<br \/>\npour un monde color\u00e9 et vivant, conception du mur contre la x\u00e9nophobie, place du march\u00e9 de Meerbusch une initiative d&rsquo;artistes, m\u00e9c\u00e9nat de la ville de Meerbusch<br \/>\nBOREDOW IN PARADISE Installation avec petites antennes terrestres, son, Women&rsquo;s Museum, Bonn (K)<\/p>\n<p class=\"p1\">2020<br \/>\n\u00ab\u00a0Le vent m&rsquo;a dit une chanson\u00a0\u00bb GEDOK OWL, Detmold<br \/>\nEIN PLANET &#8211; ONE WORLD Conception du panneau d&rsquo;affichage contre la x\u00e9nophobie, Meerbusch<br \/>\nPASSION FOR ART Exposition anniversaire pour le 150e anniversaire d&rsquo;Ida Dehmel avec des artistes GEDOK de toute l&rsquo;Allemagne<\/p>\n<p class=\"p1\">2019<br \/>\nEUROPE WHIN Projet pilote de l&rsquo;\u00e9tat de Rh\u00e9nanie du Nord-Westphalie avec des \u00e9coliers<br \/>\nINSIGHTS &#8211; PERSPECTIVES Ballhaus D\u00fcsseldorf<br \/>\nEXPOSITION ANNUELLE Meerbuscher Artists Association in the Teloym\u00fchle<br \/>\nFreezing in the tender of the city of Meerbusch for the art path on Lake Latumersee<br \/>\nExhibition in the Delos M\u00fchle Meerbusch , sculpture de 3m, \u00ab\u00a0antenne terrestre\u00a0\u00bb<\/p>\n<p class=\"p1\">2018<br \/>\nPARADISEBOXES exposition itin\u00e9rante grandissante des artistes de D\u00fcsseldorf<br \/>\nSAWING THOUGHT Art dans l&rsquo;abside, \u00e9glise protestante, Meerbusch<br \/>\nTRANFORMATION, 50 ans de jumelage avec Fousenant Objet pour l&rsquo;espace public, Fousenant<\/p>\n<p class=\"p1\">2017<br \/>\nTOUJOURS JEUNE !?\u00a0Artistes du GEDOK en dialogue avec l&rsquo;Alter Kloster Willebadessen<br \/>\nBURNING FOR ART, GEDOK Gallery Detmold SOWING THOUGHTS, art in the abside Meerbusch<\/p>\n<\/div><\/section><\/div>\n<style type=\"text\/css\" data-created_by=\"avia_inline_auto\" id=\"style-css-av-31jvam-21a4bd2a47da26e02c33e65dee7735e8\">\n.flex_column.av-31jvam-21a4bd2a47da26e02c33e65dee7735e8{\nborder-radius:0px 0px 0px 0px;\npadding:0px 0px 0px 0px;\n}\n<\/style>\n<div  class='flex_column av-31jvam-21a4bd2a47da26e02c33e65dee7735e8 av_one_half  avia-builder-el-16  el_after_av_one_half  avia-builder-el-last  flex_column_div av-zero-column-padding  column-top-margin'     ><section  class='av_textblock_section av-jtflqs8b-69ad47e085af1d2a9e147dd9fbf9d47a '   itemscope=\"itemscope\" itemtype=\"https:\/\/schema.org\/CreativeWork\" ><div class='avia_textblock'  itemprop=\"text\" ><p class=\"p1\">2016<br \/>\nSTAND UP, sculpture \u00ab\u00a0Erdantenne\u00a0\u00bb et campagne artistique, Galerie van Eyk, campagne pour la<br \/>\njourn\u00e9e mondiale de la femme TRANSFORMATION, conception du panneau d&rsquo;affichage contre la x\u00e9nophobie dans la ville de Meerbusch (actuellement expos\u00e9 devant le Kulturtreffpunkt Wasserturm)<\/p>\n<p class=\"p1\">2015<br \/>\nForum d&rsquo;artistes UTOPIA 2 Remagen<br \/>\nLIB\u00c9RATION Exposition itin\u00e9rante comm\u00e9morant la lib\u00e9ration du camp de concentration de Bergen Belsen, Galerie municipale<br \/>\nKUBUS Hanovre, Monast\u00e8re de Willebadessen, H\u00f4tel de ville de Nienburg, Monast\u00e8re de Mariensee, Th\u00e9\u00e2tre de Lunebourg, \u00c9glise du march\u00e9 de Hanovre<br \/>\nICI ET L\u00c0 BBK D\u00fcsseldorf<br \/>\nUTOPIA Bunker Church D\u00fcsseldorf<br \/>\nGABRIELE M\u00dcNTER \u2013 LE CAVALIER BLEU ET SES AMIS Frauenmuseum Bonn (K)<\/p>\n<p class=\"p1\">2014<br \/>\nRhondda Heritage Park Gallery, Pays de Galles \/ Grande-Bretagne (K)<br \/>\nMid Wales Art Center, Caersws, Pays de Galles \/ Grande-Bretagne (K)<br \/>\nREFUGIUM Bunkerkirche D\u00fcsseldorf<br \/>\nREICHWEITE R\u00e9sidence de travail \u00e0 l&rsquo;Atelier van Eyk<span class=\"Apple-converted-space\">\u00a0<\/span><\/p>\n<p class=\"p1\">2013<br \/>\nProjet d&rsquo;exposition HAVAIANAS \u00e0 Rio de Janeiro \/ Br\u00e9sil<br \/>\nDAY OF ART Gallery Schmiedenhof, Schwalmtal (K)<br \/>\nMAGIC OF SMELL Willebadessen Monastery EVO Women&rsquo;s Museum Bonn<span class=\"Apple-converted-space\">\u00a0<\/span><\/p>\n<p class=\"p1\"><span class=\"Apple-converted-space\">\u00a0<\/span>VOYAGE Gallery Gnaegy, Dannenberg<\/p>\n<p class=\"p1\">2012<br \/>\nVOYAGE Heinrich-Heine-Institut D\u00fcsseldorf<br \/>\nARS UNA Monast\u00e8re b\u00e9n\u00e9dictin Willebadessen<br \/>\nBEWEGTER WIND Concours international d&rsquo;art district de Waldeck<br \/>\nLA MAISON SERRE Frauenmuseum Bonn<br \/>\nL&rsquo;ART DANS L&rsquo;APSIS \u00c9glise \u00e9vang\u00e9lique Osterath SUR<br \/>\nLE NET City Gallery Kaarst<span class=\"Apple-converted-space\">\u00a0<\/span><\/p>\n<p class=\"p1\">2011<br \/>\nAUF.WIND 85 ans F\u00e9d\u00e9ral GEDOK, St. Georgen, Wismar (K)<br \/>\nArt Prize 2012 (2e prix) \u2022 \u00ab Ars Una \u00bb Gedok OWL, au Kloster Willebadessen<br \/>\nFrauenmuseum Bonn<br \/>\n\u00ab 13 sur 31 \u00bb Artistes de D\u00fcsseldorf, Hilden<br \/>\n\u00ab The Thread Ariane \u00bb GEDOK Basse-Saxe, KUBUS Hanovre<br \/>\n\u00ab O\u00f9 est Sophia \u2013 la sagesse du corps \u00bb GEDOK Bonn, Frauenmuseum Bonn<br \/>\n\u00ab PASSAGE \u00bb 100 ans d&rsquo;artistes de D\u00fcsseldorf, Rathausgalerie Kaarst<\/p>\n<p class=\"p1\">Prix<br \/>\nThusnelda Art Prize 2012, pour l&rsquo;installation \u00ab\u00a0was&#8230;is&#8230;will\u00a0\u00bb<br \/>\nCharlotte Open&#8230; 2004 International Jewellery Competition, Ehinger Schwarz, Ulm<\/p>\n<\/div><\/section><\/div><\/p>\n","protected":false},"excerpt":{"rendered":"","protected":false},"author":9,"featured_media":0,"parent":0,"menu_order":40,"comment_status":"closed","ping_status":"closed","template":"","meta":{"footnotes":""},"class_list":["post-7920","page","type-page","status-publish","hentry"],"_links":{"self":[{"href":"https:\/\/matre.de\/fr\/wp-json\/wp\/v2\/pages\/7920","targetHints":{"allow":["GET"]}}],"collection":[{"href":"https:\/\/matre.de\/fr\/wp-json\/wp\/v2\/pages"}],"about":[{"href":"https:\/\/matre.de\/fr\/wp-json\/wp\/v2\/types\/page"}],"author":[{"embeddable":true,"href":"https:\/\/matre.de\/fr\/wp-json\/wp\/v2\/users\/9"}],"replies":[{"embeddable":true,"href":"https:\/\/matre.de\/fr\/wp-json\/wp\/v2\/comments?post=7920"}],"version-history":[{"count":4,"href":"https:\/\/matre.de\/fr\/wp-json\/wp\/v2\/pages\/7920\/revisions"}],"predecessor-version":[{"id":7923,"href":"https:\/\/matre.de\/fr\/wp-json\/wp\/v2\/pages\/7920\/revisions\/7923"}],"wp:attachment":[{"href":"https:\/\/matre.de\/fr\/wp-json\/wp\/v2\/media?parent=7920"}],"curies":[{"name":"wp","href":"https:\/\/api.w.org\/{rel}","templated":true}]}}