{"id":7898,"date":"2014-06-24T12:33:30","date_gmt":"2014-06-24T10:33:30","guid":{"rendered":"https:\/\/matre.de\/artwork\/sculptures\/"},"modified":"2022-02-03T17:21:59","modified_gmt":"2022-02-03T16:21:59","slug":"sculptures","status":"publish","type":"page","link":"https:\/\/matre.de\/fr\/artwork\/sculptures\/","title":{"rendered":"Sculptures"},"content":{"rendered":"<div  class='flex_column av-du8gmh-8c51f159bfa137245aa7828e2277badc av_three_fifth  avia-builder-el-0  el_before_av_one_half  avia-builder-el-first  first flex_column_div  '     ><style type=\"text\/css\" data-created_by=\"avia_inline_auto\" id=\"style-css-av-cgu4k9-cac012448ac6c7ac231780a8b7e65201\">\n#top .av-special-heading.av-cgu4k9-cac012448ac6c7ac231780a8b7e65201{\npadding-bottom:10px;\n}\nbody .av-special-heading.av-cgu4k9-cac012448ac6c7ac231780a8b7e65201 .av-special-heading-tag .heading-char{\nfont-size:25px;\n}\n.av-special-heading.av-cgu4k9-cac012448ac6c7ac231780a8b7e65201 .av-subheading{\nfont-size:15px;\n}\n<\/style>\n<div  class='av-special-heading av-cgu4k9-cac012448ac6c7ac231780a8b7e65201 av-special-heading-h2 blockquote modern-quote  avia-builder-el-1  avia-builder-el-no-sibling '><h2 class='av-special-heading-tag '  itemprop=\"headline\"  >Sculptures<\/h2><div class=\"special-heading-border\"><div class=\"special-heading-inner-border\"><\/div><\/div><\/div><\/div>\n<div  class='flex_column av-bkd589-40f214e6e4550391eb3c8133d76c06e2 av_one_half  avia-builder-el-2  el_after_av_three_fifth  el_before_av_one_half  first flex_column_div  '     ><div  id=\"av-sc-portfolio-1\"  class=' grid-sort-container isotope   no_margin-container with-title-container grid-total-even grid-col-3 grid-links-' data-portfolio-id='1'><div data-ajax-id='9459' class=' grid-entry flex_column isotope-item all_sort no_margin post-entry post-entry-9459 grid-entry-overview grid-loop-1 grid-parity-odd  sculpture_sort  av_one_third first default_av_fullwidth '><article class='main_color inner-entry'  itemscope=\"itemscope\" itemtype=\"https:\/\/schema.org\/CreativeWork\" ><a href=\"https:\/\/matre.de\/fr\/\u00e9l\u00e9ment-du-portefeuille\/verre-phenix\/\" title='VERRE PH\u00c9NIX'  data-rel='grid-1' class='grid-image avia-hover-fx'> <img decoding=\"async\" loading=\"lazy\" width=\"495\" height=\"400\" src=\"https:\/\/matre.de\/wp-content\/uploads\/2022\/03\/glaeserner_phoenix_bb-495x400.jpg\" class=\"wp-image-9524 avia-img-lazy-loading-9524 attachment-portfolio size-portfolio wp-post-image\" alt=\"Gl\u00e4serner Ph\u00f6nix\" \/><\/a><div class='grid-content'><div class='avia-arrow'><\/div><header class=\"entry-content-header\" aria-label=\"Portfolio : VERRE PH\u00c9NIX\"><h3 class='grid-entry-title entry-title '  itemprop=\"headline\" ><a href='https:\/\/matre.de\/fr\/\u00e9l\u00e9ment-du-portefeuille\/verre-phenix\/' title='VERRE PH\u00c9NIX'>VERRE PH\u00c9NIX<\/a><\/h3><\/header><\/div><footer class=\"entry-footer\"><\/footer><\/article><\/div><div data-ajax-id='7998' class=' grid-entry flex_column isotope-item all_sort no_margin post-entry post-entry-7998 grid-entry-overview grid-loop-2 grid-parity-even  sculpture_sort  av_one_third  default_av_fullwidth '><article class='main_color inner-entry'  itemscope=\"itemscope\" itemtype=\"https:\/\/schema.org\/CreativeWork\" ><a href=\"https:\/\/matre.de\/fr\/\u00e9l\u00e9ment-du-portefeuille\/schwinge\/\" title='Schwinge'  data-rel='grid-1' class='grid-image avia-hover-fx'> <img decoding=\"async\" loading=\"lazy\" width=\"495\" height=\"400\" src=\"https:\/\/matre.de\/wp-content\/uploads\/2020\/11\/0006343-495x400.jpg\" class=\"wp-image-7608 avia-img-lazy-loading-7608 attachment-portfolio size-portfolio wp-post-image\" alt=\"\" srcset=\"https:\/\/matre.de\/wp-content\/uploads\/2020\/11\/0006343-495x400.jpg 495w, https:\/\/matre.de\/wp-content\/uploads\/2020\/11\/0006343-845x684.jpg 845w\" sizes=\"auto, (max-width: 495px) 100vw, 495px\" \/><\/a><div class='grid-content'><div class='avia-arrow'><\/div><header class=\"entry-content-header\" aria-label=\"Portfolio : Schwinge\"><h3 class='grid-entry-title entry-title '  itemprop=\"headline\" ><a href='https:\/\/matre.de\/fr\/\u00e9l\u00e9ment-du-portefeuille\/schwinge\/' title='Schwinge'>Schwinge<\/a><\/h3><\/header><\/div><footer class=\"entry-footer\"><\/footer><\/article><\/div><div data-ajax-id='8010' class=' grid-entry flex_column isotope-item all_sort no_margin post-entry post-entry-8010 grid-entry-overview grid-loop-3 grid-parity-odd  sculpture_sort  av_one_third  default_av_fullwidth '><article class='main_color inner-entry'  itemscope=\"itemscope\" itemtype=\"https:\/\/schema.org\/CreativeWork\" ><a href=\"https:\/\/matre.de\/fr\/\u00e9l\u00e9ment-du-portefeuille\/antenne-terrestre-ii\/\" title='Antenne Terrestre II'  data-rel='grid-1' class='grid-image avia-hover-fx'> <img decoding=\"async\" loading=\"lazy\" width=\"495\" height=\"400\" src=\"https:\/\/matre.de\/wp-content\/uploads\/beitrag-495x400.jpg\" class=\"wp-image-7078 avia-img-lazy-loading-7078 attachment-portfolio size-portfolio wp-post-image\" alt=\"\" srcset=\"https:\/\/matre.de\/wp-content\/uploads\/beitrag-495x400.jpg 495w, https:\/\/matre.de\/wp-content\/uploads\/beitrag-593x480.jpg 593w, https:\/\/matre.de\/wp-content\/uploads\/beitrag-768x622.jpg 768w, https:\/\/matre.de\/wp-content\/uploads\/beitrag-845x684.jpg 845w, https:\/\/matre.de\/wp-content\/uploads\/beitrag-705x571.jpg 705w, https:\/\/matre.de\/wp-content\/uploads\/beitrag-300x243.jpg 300w, https:\/\/matre.de\/wp-content\/uploads\/beitrag-1030x834.jpg 1030w, https:\/\/matre.de\/wp-content\/uploads\/beitrag-450x364.jpg 450w, https:\/\/matre.de\/wp-content\/uploads\/beitrag.jpg 1335w\" sizes=\"auto, (max-width: 495px) 100vw, 495px\" \/><\/a><div class='grid-content'><div class='avia-arrow'><\/div><header class=\"entry-content-header\" aria-label=\"Portfolio : Antenne Terrestre II\"><h3 class='grid-entry-title entry-title '  itemprop=\"headline\" ><a href='https:\/\/matre.de\/fr\/\u00e9l\u00e9ment-du-portefeuille\/antenne-terrestre-ii\/' title='Antenne Terrestre II'>Antenne Terrestre II<\/a><\/h3><\/header><\/div><footer class=\"entry-footer\"><\/footer><\/article><\/div><div data-ajax-id='8109' class=' grid-entry flex_column isotope-item all_sort no_margin post-entry post-entry-8109 grid-entry-overview grid-loop-4 grid-parity-even  sculpture_sort  av_one_third first default_av_fullwidth '><article class='main_color inner-entry'  itemscope=\"itemscope\" itemtype=\"https:\/\/schema.org\/CreativeWork\" ><a href=\"https:\/\/matre.de\/fr\/\u00e9l\u00e9ment-du-portefeuille\/raku-2\/\" title='RAKU 2'  data-rel='grid-1' class='grid-image avia-hover-fx'> <img decoding=\"async\" loading=\"lazy\" width=\"495\" height=\"400\" src=\"https:\/\/matre.de\/wp-content\/uploads\/rubrik-rauchbrand-495x400.jpg\" class=\"wp-image-6518 avia-img-lazy-loading-6518 attachment-portfolio size-portfolio wp-post-image\" alt=\"\" srcset=\"https:\/\/matre.de\/wp-content\/uploads\/rubrik-rauchbrand-495x400.jpg 495w, https:\/\/matre.de\/wp-content\/uploads\/rubrik-rauchbrand-845x684.jpg 845w\" sizes=\"auto, (max-width: 495px) 100vw, 495px\" \/><\/a><div class='grid-content'><div class='avia-arrow'><\/div><header class=\"entry-content-header\" aria-label=\"Portfolio : RAKU 2\"><h3 class='grid-entry-title entry-title '  itemprop=\"headline\" ><a href='https:\/\/matre.de\/fr\/\u00e9l\u00e9ment-du-portefeuille\/raku-2\/' title='RAKU 2'>RAKU 2<\/a><\/h3><\/header><\/div><footer class=\"entry-footer\"><\/footer><\/article><\/div><div data-ajax-id='8128' class=' grid-entry flex_column isotope-item all_sort no_margin post-entry post-entry-8128 grid-entry-overview grid-loop-5 grid-parity-odd  sculpture_sort  av_one_third  default_av_fullwidth '><article class='main_color inner-entry'  itemscope=\"itemscope\" itemtype=\"https:\/\/schema.org\/CreativeWork\" ><a href=\"https:\/\/matre.de\/fr\/\u00e9l\u00e9ment-du-portefeuille\/phenix\/\" title='Phenix'  data-rel='grid-1' class='grid-image avia-hover-fx'> <img decoding=\"async\" loading=\"lazy\" width=\"495\" height=\"400\" src=\"https:\/\/matre.de\/wp-content\/uploads\/phoenix-beitragsbild1-495x400.jpg\" class=\"wp-image-6464 avia-img-lazy-loading-6464 attachment-portfolio size-portfolio wp-post-image\" alt=\"\" srcset=\"https:\/\/matre.de\/wp-content\/uploads\/phoenix-beitragsbild1-495x400.jpg 495w, https:\/\/matre.de\/wp-content\/uploads\/phoenix-beitragsbild1-845x684.jpg 845w\" sizes=\"auto, (max-width: 495px) 100vw, 495px\" \/><\/a><div class='grid-content'><div class='avia-arrow'><\/div><header class=\"entry-content-header\" aria-label=\"Portfolio : Phenix\"><h3 class='grid-entry-title entry-title '  itemprop=\"headline\" ><a href='https:\/\/matre.de\/fr\/\u00e9l\u00e9ment-du-portefeuille\/phenix\/' title='Phenix'>Phenix<\/a><\/h3><\/header><\/div><footer class=\"entry-footer\"><\/footer><\/article><\/div><div data-ajax-id='8137' class=' grid-entry flex_column isotope-item all_sort no_margin post-entry post-entry-8137 grid-entry-overview grid-loop-6 grid-parity-even  sculpture_sort  av_one_third  default_av_fullwidth '><article class='main_color inner-entry'  itemscope=\"itemscope\" itemtype=\"https:\/\/schema.org\/CreativeWork\" ><a href=\"https:\/\/matre.de\/fr\/\u00e9l\u00e9ment-du-portefeuille\/lange\/\" title='L&rsquo;ange'  data-rel='grid-1' class='grid-image avia-hover-fx'> <img decoding=\"async\" loading=\"lazy\" width=\"495\" height=\"400\" src=\"https:\/\/matre.de\/wp-content\/uploads\/engelbreitragsbild-495x400.jpg\" class=\"wp-image-6466 avia-img-lazy-loading-6466 attachment-portfolio size-portfolio wp-post-image\" alt=\"\" srcset=\"https:\/\/matre.de\/wp-content\/uploads\/engelbreitragsbild-495x400.jpg 495w, https:\/\/matre.de\/wp-content\/uploads\/engelbreitragsbild-845x684.jpg 845w\" sizes=\"auto, (max-width: 495px) 100vw, 495px\" \/><\/a><div class='grid-content'><div class='avia-arrow'><\/div><header class=\"entry-content-header\" aria-label=\"Portfolio : L&rsquo;ange\"><h3 class='grid-entry-title entry-title '  itemprop=\"headline\" ><a href='https:\/\/matre.de\/fr\/\u00e9l\u00e9ment-du-portefeuille\/lange\/' title='L&rsquo;ange'>L&rsquo;ange<\/a><\/h3><\/header><\/div><footer class=\"entry-footer\"><\/footer><\/article><\/div><div data-ajax-id='8171' class=' grid-entry flex_column isotope-item all_sort no_margin post-entry post-entry-8171 grid-entry-overview grid-loop-7 grid-parity-odd  sculpture_sort  av_one_third first default_av_fullwidth '><article class='main_color inner-entry'  itemscope=\"itemscope\" itemtype=\"https:\/\/schema.org\/CreativeWork\" ><a href=\"https:\/\/matre.de\/fr\/\u00e9l\u00e9ment-du-portefeuille\/lantenne-de-la-terre-2\/\" title='L\u2019antenne de la terre'  data-rel='grid-1' class='grid-image avia-hover-fx'> <img decoding=\"async\" loading=\"lazy\" width=\"495\" height=\"400\" src=\"https:\/\/matre.de\/wp-content\/uploads\/REICHWEITE-2014-06-29-Finissage-138-495x400.jpg\" class=\"wp-image-6252 avia-img-lazy-loading-6252 attachment-portfolio size-portfolio wp-post-image\" alt=\"\" srcset=\"https:\/\/matre.de\/wp-content\/uploads\/REICHWEITE-2014-06-29-Finissage-138-495x400.jpg 495w, https:\/\/matre.de\/wp-content\/uploads\/REICHWEITE-2014-06-29-Finissage-138-845x684.jpg 845w, https:\/\/matre.de\/wp-content\/uploads\/REICHWEITE-2014-06-29-Finissage-138-710x575.jpg 710w\" sizes=\"auto, (max-width: 495px) 100vw, 495px\" \/><\/a><div class='grid-content'><div class='avia-arrow'><\/div><header class=\"entry-content-header\" aria-label=\"Portfolio : L\u2019antenne de la terre\"><h3 class='grid-entry-title entry-title '  itemprop=\"headline\" ><a href='https:\/\/matre.de\/fr\/\u00e9l\u00e9ment-du-portefeuille\/lantenne-de-la-terre-2\/' title='L\u2019antenne de la terre'>L\u2019antenne de la terre<\/a><\/h3><\/header><\/div><footer class=\"entry-footer\"><\/footer><\/article><\/div><div data-ajax-id='8147' class=' grid-entry flex_column isotope-item all_sort no_margin post-entry post-entry-8147 grid-entry-overview grid-loop-8 grid-parity-even  sculpture_sort  av_one_third  default_av_fullwidth '><article class='main_color inner-entry'  itemscope=\"itemscope\" itemtype=\"https:\/\/schema.org\/CreativeWork\" ><a href=\"https:\/\/matre.de\/fr\/\u00e9l\u00e9ment-du-portefeuille\/raku-3\/\" title='Raku'  data-rel='grid-1' class='grid-image avia-hover-fx'> <img decoding=\"async\" loading=\"lazy\" width=\"495\" height=\"400\" src=\"https:\/\/matre.de\/wp-content\/uploads\/Skulpturen-Rauchbrand-495x400.jpg\" class=\"wp-image-6032 avia-img-lazy-loading-6032 attachment-portfolio size-portfolio wp-post-image\" alt=\"\" srcset=\"https:\/\/matre.de\/wp-content\/uploads\/Skulpturen-Rauchbrand-495x400.jpg 495w, https:\/\/matre.de\/wp-content\/uploads\/Skulpturen-Rauchbrand-845x684.jpg 845w, https:\/\/matre.de\/wp-content\/uploads\/Skulpturen-Rauchbrand-710x575.jpg 710w\" sizes=\"auto, (max-width: 495px) 100vw, 495px\" \/><\/a><div class='grid-content'><div class='avia-arrow'><\/div><header class=\"entry-content-header\" aria-label=\"Portfolio : Raku\"><h3 class='grid-entry-title entry-title '  itemprop=\"headline\" ><a href='https:\/\/matre.de\/fr\/\u00e9l\u00e9ment-du-portefeuille\/raku-3\/' title='Raku'>Raku<\/a><\/h3><\/header><\/div><footer class=\"entry-footer\"><\/footer><\/article><\/div><div data-ajax-id='8124' class=' grid-entry flex_column isotope-item all_sort no_margin post-entry post-entry-8124 grid-entry-overview grid-loop-9 grid-parity-odd  sculpture_sort  av_one_third  default_av_fullwidth '><article class='main_color inner-entry'  itemscope=\"itemscope\" itemtype=\"https:\/\/schema.org\/CreativeWork\" ><a href=\"https:\/\/matre.de\/fr\/\u00e9l\u00e9ment-du-portefeuille\/raku\/\" title='RAKU'  data-rel='grid-1' class='grid-image avia-hover-fx'> <img decoding=\"async\" loading=\"lazy\" width=\"495\" height=\"400\" src=\"https:\/\/matre.de\/wp-content\/uploads\/Raku-14-495x400.jpg\" class=\"wp-image-6118 avia-img-lazy-loading-6118 attachment-portfolio size-portfolio wp-post-image\" alt=\"\" \/><\/a><div class='grid-content'><div class='avia-arrow'><\/div><header class=\"entry-content-header\" aria-label=\"Portfolio : RAKU\"><h3 class='grid-entry-title entry-title '  itemprop=\"headline\" ><a href='https:\/\/matre.de\/fr\/\u00e9l\u00e9ment-du-portefeuille\/raku\/' title='RAKU'>RAKU<\/a><\/h3><\/header><\/div><footer class=\"entry-footer\"><\/footer><\/article><\/div><div data-ajax-id='8133' class=' grid-entry flex_column isotope-item all_sort no_margin post-entry post-entry-8133 grid-entry-overview grid-loop-10 grid-parity-even  sculpture_sort  av_one_third first default_av_fullwidth '><article class='main_color inner-entry'  itemscope=\"itemscope\" itemtype=\"https:\/\/schema.org\/CreativeWork\" ><a href=\"https:\/\/matre.de\/fr\/\u00e9l\u00e9ment-du-portefeuille\/una\/\" title='UNA'  data-rel='grid-1' class='grid-image avia-hover-fx'> <img decoding=\"async\" loading=\"lazy\" width=\"495\" height=\"400\" src=\"https:\/\/matre.de\/wp-content\/uploads\/UNA_Beitragsbild-495x400.jpg\" class=\"wp-image-6472 avia-img-lazy-loading-6472 attachment-portfolio size-portfolio wp-post-image\" alt=\"\" srcset=\"https:\/\/matre.de\/wp-content\/uploads\/UNA_Beitragsbild-495x400.jpg 495w, https:\/\/matre.de\/wp-content\/uploads\/UNA_Beitragsbild-845x684.jpg 845w\" sizes=\"auto, (max-width: 495px) 100vw, 495px\" \/><\/a><div class='grid-content'><div class='avia-arrow'><\/div><header class=\"entry-content-header\" aria-label=\"Portfolio : UNA\"><h3 class='grid-entry-title entry-title '  itemprop=\"headline\" ><a href='https:\/\/matre.de\/fr\/\u00e9l\u00e9ment-du-portefeuille\/una\/' title='UNA'>UNA<\/a><\/h3><\/header><\/div><footer class=\"entry-footer\"><\/footer><\/article><\/div><div data-ajax-id='8162' class=' grid-entry flex_column isotope-item all_sort no_margin post-entry post-entry-8162 grid-entry-overview grid-loop-11 grid-parity-odd  sculpture_sort  av_one_third  default_av_fullwidth '><article class='main_color inner-entry'  itemscope=\"itemscope\" itemtype=\"https:\/\/schema.org\/CreativeWork\" ><a href=\"https:\/\/matre.de\/fr\/\u00e9l\u00e9ment-du-portefeuille\/lantenne-de-la-terre\/\" title='L\u2019antenne de la terre'  data-rel='grid-1' class='grid-image avia-hover-fx'> <img decoding=\"async\" loading=\"lazy\" width=\"495\" height=\"400\" src=\"https:\/\/matre.de\/wp-content\/uploads\/Erdantenne-495x400.jpg\" class=\"wp-image-5862 avia-img-lazy-loading-5862 attachment-portfolio size-portfolio wp-post-image\" alt=\"\" srcset=\"https:\/\/matre.de\/wp-content\/uploads\/Erdantenne-495x400.jpg 495w, https:\/\/matre.de\/wp-content\/uploads\/Erdantenne-845x684.jpg 845w, https:\/\/matre.de\/wp-content\/uploads\/Erdantenne-710x575.jpg 710w\" sizes=\"auto, (max-width: 495px) 100vw, 495px\" \/><\/a><div class='grid-content'><div class='avia-arrow'><\/div><header class=\"entry-content-header\" aria-label=\"Portfolio : L\u2019antenne de la terre\"><h3 class='grid-entry-title entry-title '  itemprop=\"headline\" ><a href='https:\/\/matre.de\/fr\/\u00e9l\u00e9ment-du-portefeuille\/lantenne-de-la-terre\/' title='L\u2019antenne de la terre'>L\u2019antenne de la terre<\/a><\/h3><\/header><\/div><footer class=\"entry-footer\"><\/footer><\/article><\/div><div data-ajax-id='8214' class=' grid-entry flex_column isotope-item all_sort no_margin post-entry post-entry-8214 grid-entry-overview grid-loop-12 grid-parity-even  sculpture_sort  av_one_third  default_av_fullwidth '><article class='main_color inner-entry'  itemscope=\"itemscope\" itemtype=\"https:\/\/schema.org\/CreativeWork\" ><a href=\"https:\/\/matre.de\/fr\/\u00e9l\u00e9ment-du-portefeuille\/elegie\/\" title='Elegie'  data-rel='grid-1' class='grid-image avia-hover-fx'> <img decoding=\"async\" loading=\"lazy\" width=\"495\" height=\"400\" src=\"https:\/\/matre.de\/wp-content\/uploads\/Elegie-Beitragsbild-495x400.jpg\" class=\"wp-image-6468 avia-img-lazy-loading-6468 attachment-portfolio size-portfolio wp-post-image\" alt=\"\" srcset=\"https:\/\/matre.de\/wp-content\/uploads\/Elegie-Beitragsbild-495x400.jpg 495w, https:\/\/matre.de\/wp-content\/uploads\/Elegie-Beitragsbild-845x684.jpg 845w\" sizes=\"auto, (max-width: 495px) 100vw, 495px\" \/><\/a><div class='grid-content'><div class='avia-arrow'><\/div><header class=\"entry-content-header\" aria-label=\"Portfolio : Elegie\"><h3 class='grid-entry-title entry-title '  itemprop=\"headline\" ><a href='https:\/\/matre.de\/fr\/\u00e9l\u00e9ment-du-portefeuille\/elegie\/' title='Elegie'>Elegie<\/a><\/h3><\/header><\/div><footer class=\"entry-footer\"><\/footer><\/article><\/div><div data-ajax-id='8234' class=' grid-entry flex_column isotope-item all_sort no_margin post-entry post-entry-8234 grid-entry-overview grid-loop-13 grid-parity-odd  sculpture_sort  av_one_third first default_av_fullwidth '><article class='main_color inner-entry'  itemscope=\"itemscope\" itemtype=\"https:\/\/schema.org\/CreativeWork\" ><a href=\"https:\/\/matre.de\/fr\/\u00e9l\u00e9ment-du-portefeuille\/populonia-2\/\" title='Populonia'  data-rel='grid-1' class='grid-image avia-hover-fx'> <img decoding=\"async\" loading=\"lazy\" width=\"495\" height=\"400\" src=\"https:\/\/matre.de\/wp-content\/uploads\/Populonia-495x400.jpg\" class=\"wp-image-5854 avia-img-lazy-loading-5854 attachment-portfolio size-portfolio wp-post-image\" alt=\"\" \/><\/a><div class='grid-content'><div class='avia-arrow'><\/div><header class=\"entry-content-header\" aria-label=\"Portfolio : Populonia\"><h3 class='grid-entry-title entry-title '  itemprop=\"headline\" ><a href='https:\/\/matre.de\/fr\/\u00e9l\u00e9ment-du-portefeuille\/populonia-2\/' title='Populonia'>Populonia<\/a><\/h3><\/header><\/div><footer class=\"entry-footer\"><\/footer><\/article><\/div><div data-ajax-id='8239' class=' grid-entry flex_column isotope-item all_sort no_margin post-entry post-entry-8239 grid-entry-overview grid-loop-14 grid-parity-even  sculpture_sort  av_one_third  default_av_fullwidth '><article class='main_color inner-entry'  itemscope=\"itemscope\" itemtype=\"https:\/\/schema.org\/CreativeWork\" ><a href=\"https:\/\/matre.de\/fr\/\u00e9l\u00e9ment-du-portefeuille\/la-vie-pleine\/\" title='La vie pleine'  data-rel='grid-1' class='grid-image avia-hover-fx'> <img decoding=\"async\" loading=\"lazy\" width=\"495\" height=\"400\" src=\"https:\/\/matre.de\/wp-content\/uploads\/Das-pralle-Leben-Beitragsbild-495x400.jpg\" class=\"wp-image-6470 avia-img-lazy-loading-6470 attachment-portfolio size-portfolio wp-post-image\" alt=\"\" \/><\/a><div class='grid-content'><div class='avia-arrow'><\/div><header class=\"entry-content-header\" aria-label=\"Portfolio : La vie pleine\"><h3 class='grid-entry-title entry-title '  itemprop=\"headline\" ><a href='https:\/\/matre.de\/fr\/\u00e9l\u00e9ment-du-portefeuille\/la-vie-pleine\/' title='La vie pleine'>La vie pleine<\/a><\/h3><\/header><\/div><footer class=\"entry-footer\"><\/footer><\/article><\/div><div data-ajax-id='9906' class=' grid-entry flex_column isotope-item all_sort no_margin post-entry post-entry-9906 grid-entry-overview grid-loop-15 grid-parity-odd  sculpture_sort  av_one_third  default_av_fullwidth '><article class='main_color inner-entry'  itemscope=\"itemscope\" itemtype=\"https:\/\/schema.org\/CreativeWork\" ><a href=\"https:\/\/matre.de\/fr\/\u00e9l\u00e9ment-du-portefeuille\/securite-sculpture\/\" title='S\u00e9curit\u00e9'  data-rel='grid-1' class='grid-image avia-hover-fx'> <img decoding=\"async\" loading=\"lazy\" width=\"495\" height=\"400\" src=\"https:\/\/matre.de\/wp-content\/uploads\/Geborgenheit-495x400.jpg\" class=\"wp-image-5770 avia-img-lazy-loading-5770 attachment-portfolio size-portfolio wp-post-image\" alt=\"\" srcset=\"https:\/\/matre.de\/wp-content\/uploads\/Geborgenheit-495x400.jpg 495w, https:\/\/matre.de\/wp-content\/uploads\/Geborgenheit-845x684.jpg 845w, https:\/\/matre.de\/wp-content\/uploads\/Geborgenheit-710x575.jpg 710w\" sizes=\"auto, (max-width: 495px) 100vw, 495px\" \/><\/a><div class='grid-content'><div class='avia-arrow'><\/div><header class=\"entry-content-header\" aria-label=\"Portfolio : S\u00e9curit\u00e9\"><h3 class='grid-entry-title entry-title '  itemprop=\"headline\" ><a href='https:\/\/matre.de\/fr\/\u00e9l\u00e9ment-du-portefeuille\/securite-sculpture\/' title='S\u00e9curit\u00e9'>S\u00e9curit\u00e9<\/a><\/h3><\/header><\/div><footer class=\"entry-footer\"><\/footer><\/article><\/div><div data-ajax-id='8288' class=' grid-entry flex_column isotope-item all_sort no_margin post-entry post-entry-8288 grid-entry-overview grid-loop-16 grid-parity-even  post-entry-last  sculpture_sort  av_one_third first default_av_fullwidth '><article class='main_color inner-entry'  itemscope=\"itemscope\" itemtype=\"https:\/\/schema.org\/CreativeWork\" ><a href=\"https:\/\/matre.de\/fr\/\u00e9l\u00e9ment-du-portefeuille\/securite\/\" title='S\u00e9curit\u00e9'  data-rel='grid-1' class='grid-image avia-hover-fx'> <img decoding=\"async\" loading=\"lazy\" width=\"495\" height=\"400\" src=\"https:\/\/matre.de\/wp-content\/uploads\/2022\/02\/Geborgenheit-495x400.jpg\" class=\"wp-image-8289 avia-img-lazy-loading-8289 attachment-portfolio size-portfolio wp-post-image\" alt=\"\" srcset=\"https:\/\/matre.de\/wp-content\/uploads\/2022\/02\/Geborgenheit-495x400.jpg 495w, https:\/\/matre.de\/wp-content\/uploads\/2022\/02\/Geborgenheit-845x684.jpg 845w\" sizes=\"auto, (max-width: 495px) 100vw, 495px\" \/><\/a><div class='grid-content'><div class='avia-arrow'><\/div><header class=\"entry-content-header\" aria-label=\"Portfolio : S\u00e9curit\u00e9\"><h3 class='grid-entry-title entry-title '  itemprop=\"headline\" ><a href='https:\/\/matre.de\/fr\/\u00e9l\u00e9ment-du-portefeuille\/securite\/' title='S\u00e9curit\u00e9'>S\u00e9curit\u00e9<\/a><\/h3><\/header><\/div><footer class=\"entry-footer\"><\/footer><\/article><\/div><\/div><\/div><div  class='flex_column av-av_one_half-f73a11ccd29996a2a11249d534554c23 av_one_half  avia-builder-el-4  el_after_av_one_half  avia-builder-el-last  flex_column_div  '     ><section  class='av_textblock_section av-6cybfd-b5a5703d7f7c53abd9f536ae61088b99 '   itemscope=\"itemscope\" itemtype=\"https:\/\/schema.org\/CreativeWork\" ><div class='avia_textblock'  itemprop=\"text\" ><p>Les sculptures en argile et en bronze sont cr\u00e9\u00e9es \u00e0 partir d&rsquo;une forme qui ressemble \u00e0 une goutte d&rsquo;eau qui se d\u00e9tache lentement. L&rsquo;eau, symbole de la source de vie, de vivacit\u00e9 et de fertilit\u00e9, se transforme en la forme d&rsquo;un corps f\u00e9minin. Fa\u00e7onn\u00e9 \u00e0 partir de la main, flattant la main, s&rsquo;adaptant \u00e0 la main, d&rsquo;abord le rond et la surface lisse.<\/p>\n<p>La forme ferm\u00e9e est parfois \u00e9ventr\u00e9e, lac\u00e9r\u00e9e. Un soup\u00e7on de d\u00e9composition, de blessures subies, se refl\u00e8tent dans les corps des personnages. Mais la perte de douceur et d&rsquo;unit\u00e9 devient un gain: les figures deviennent passionnantes et multicouches; elles accordent une vue qui permet un aper\u00e7u de l&rsquo;int\u00e9rieur sous la surface nue.<\/p>\n<p style=\"text-align: left;\"><em>\u00a9 Sigrid Blomen-Radermacher 2013<\/em><\/p>\n<\/div><\/section><\/div><\/p>\n","protected":false},"excerpt":{"rendered":"","protected":false},"author":9,"featured_media":0,"parent":7864,"menu_order":0,"comment_status":"closed","ping_status":"closed","template":"","meta":{"footnotes":""},"class_list":["post-7898","page","type-page","status-publish","hentry"],"_links":{"self":[{"href":"https:\/\/matre.de\/fr\/wp-json\/wp\/v2\/pages\/7898","targetHints":{"allow":["GET"]}}],"collection":[{"href":"https:\/\/matre.de\/fr\/wp-json\/wp\/v2\/pages"}],"about":[{"href":"https:\/\/matre.de\/fr\/wp-json\/wp\/v2\/types\/page"}],"author":[{"embeddable":true,"href":"https:\/\/matre.de\/fr\/wp-json\/wp\/v2\/users\/9"}],"replies":[{"embeddable":true,"href":"https:\/\/matre.de\/fr\/wp-json\/wp\/v2\/comments?post=7898"}],"version-history":[{"count":18,"href":"https:\/\/matre.de\/fr\/wp-json\/wp\/v2\/pages\/7898\/revisions"}],"predecessor-version":[{"id":7900,"href":"https:\/\/matre.de\/fr\/wp-json\/wp\/v2\/pages\/7898\/revisions\/7900"}],"up":[{"embeddable":true,"href":"https:\/\/matre.de\/fr\/wp-json\/wp\/v2\/pages\/7864"}],"wp:attachment":[{"href":"https:\/\/matre.de\/fr\/wp-json\/wp\/v2\/media?parent=7898"}],"curies":[{"name":"wp","href":"https:\/\/api.w.org\/{rel}","templated":true}]}}