{"id":7868,"date":"2014-06-24T12:40:50","date_gmt":"2014-06-24T10:40:50","guid":{"rendered":"https:\/\/matre.de\/artwork\/gravure-monotype\/"},"modified":"2022-02-03T16:54:20","modified_gmt":"2022-02-03T15:54:20","slug":"gravure-monotype","status":"publish","type":"page","link":"https:\/\/matre.de\/fr\/artwork\/gravure-monotype\/","title":{"rendered":"Gravure Monotype"},"content":{"rendered":"<div  class='flex_column av-av_three_fifth-2a9015ff38129c418a3f2eafba3e9512 av_three_fifth  avia-builder-el-0  el_before_av_one_half  avia-builder-el-first  first flex_column_div  '     ><style type=\"text\/css\" data-created_by=\"avia_inline_auto\" id=\"style-css-av-av_heading-dba33ccb4f75d59a9fb8e18eef8ce43f\">\n#top .av-special-heading.av-av_heading-dba33ccb4f75d59a9fb8e18eef8ce43f{\npadding-bottom:10px;\n}\nbody .av-special-heading.av-av_heading-dba33ccb4f75d59a9fb8e18eef8ce43f .av-special-heading-tag .heading-char{\nfont-size:25px;\n}\n.av-special-heading.av-av_heading-dba33ccb4f75d59a9fb8e18eef8ce43f .av-subheading{\nfont-size:15px;\n}\n<\/style>\n<div  class='av-special-heading av-av_heading-dba33ccb4f75d59a9fb8e18eef8ce43f av-special-heading-h2 blockquote modern-quote  avia-builder-el-1  avia-builder-el-no-sibling '><h2 class='av-special-heading-tag '  itemprop=\"headline\"  >Gravure Monotype<\/h2><div class=\"special-heading-border\"><div class=\"special-heading-inner-border\"><\/div><\/div><\/div><\/div>\n<div  class='flex_column av-av_one_half-2a9015ff38129c418a3f2eafba3e9512 av_one_half  avia-builder-el-2  el_after_av_three_fifth  el_before_av_one_half  first flex_column_div  '     ><div  id=\"av-sc-portfolio-1\"  class=' grid-sort-container isotope   no_margin-container with-title-container grid-total-even grid-col-2 grid-links-' data-portfolio-id='1'><div data-ajax-id='7818' class=' grid-entry flex_column isotope-item all_sort no_margin post-entry post-entry-7818 grid-entry-overview grid-loop-1 grid-parity-odd  monotype_sort  av_one_half first default_av_fullwidth '><article class='main_color inner-entry'  itemscope=\"itemscope\" itemtype=\"https:\/\/schema.org\/CreativeWork\" ><a href=\"https:\/\/matre.de\/fr\/\u00e9l\u00e9ment-du-portefeuille\/forever-young\/\" title='Forever Young'  data-rel='grid-1' class='grid-image avia-hover-fx'> <img decoding=\"async\" fetchpriority=\"high\" width=\"495\" height=\"400\" src=\"https:\/\/matre.de\/wp-content\/uploads\/2020\/01\/FOTO9735-495x400.jpg\" class=\"wp-image-7490 avia-img-lazy-loading-not-7490 attachment-portfolio size-portfolio wp-post-image\" alt=\"Forever young\" \/><small class='avia-copyright'>\u00a9 by MATRE<\/small><\/a><div class='grid-content'><div class='avia-arrow'><\/div><header class=\"entry-content-header\" aria-label=\"Portfolio : Forever Young\"><h3 class='grid-entry-title entry-title '  itemprop=\"headline\" ><a href='https:\/\/matre.de\/fr\/\u00e9l\u00e9ment-du-portefeuille\/forever-young\/' title='Forever Young'>Forever Young<\/a><\/h3><\/header><\/div><footer class=\"entry-footer\"><\/footer><\/article><\/div><div data-ajax-id='7832' class=' grid-entry flex_column isotope-item all_sort no_margin post-entry post-entry-7832 grid-entry-overview grid-loop-2 grid-parity-even  monotype_sort  av_one_half  default_av_fullwidth '><article class='main_color inner-entry'  itemscope=\"itemscope\" itemtype=\"https:\/\/schema.org\/CreativeWork\" ><a href=\"https:\/\/matre.de\/fr\/\u00e9l\u00e9ment-du-portefeuille\/anneaux-de-vie\/\" title='ANNEAUX DE VIE'  data-rel='grid-1' class='grid-image avia-hover-fx'> <img decoding=\"async\" fetchpriority=\"high\" width=\"495\" height=\"400\" src=\"https:\/\/matre.de\/wp-content\/uploads\/lebensringe-2-1-495x400.jpg\" class=\"wp-image-7392 avia-img-lazy-loading-not-7392 attachment-portfolio size-portfolio wp-post-image\" alt=\"\" srcset=\"https:\/\/matre.de\/wp-content\/uploads\/lebensringe-2-1-495x400.jpg 495w, https:\/\/matre.de\/wp-content\/uploads\/lebensringe-2-1-845x684.jpg 845w\" sizes=\"(max-width: 495px) 100vw, 495px\" \/><\/a><div class='grid-content'><div class='avia-arrow'><\/div><header class=\"entry-content-header\" aria-label=\"Portfolio : ANNEAUX DE VIE\"><h3 class='grid-entry-title entry-title '  itemprop=\"headline\" ><a href='https:\/\/matre.de\/fr\/\u00e9l\u00e9ment-du-portefeuille\/anneaux-de-vie\/' title='ANNEAUX DE VIE'>ANNEAUX DE VIE<\/a><\/h3><\/header><\/div><footer class=\"entry-footer\"><\/footer><\/article><\/div><div data-ajax-id='8023' class=' grid-entry flex_column isotope-item all_sort no_margin post-entry post-entry-8023 grid-entry-overview grid-loop-3 grid-parity-odd  monotype_sort  av_one_half first default_av_fullwidth '><article class='main_color inner-entry'  itemscope=\"itemscope\" itemtype=\"https:\/\/schema.org\/CreativeWork\" ><a href=\"https:\/\/matre.de\/fr\/\u00e9l\u00e9ment-du-portefeuille\/cinq-talents\/\" title='Cinq talents'  data-rel='grid-1' class='grid-image avia-hover-fx'> <img decoding=\"async\" fetchpriority=\"high\" width=\"495\" height=\"400\" src=\"https:\/\/matre.de\/wp-content\/uploads\/IMG_0274-II-495x400.jpg\" class=\"wp-image-7004 avia-img-lazy-loading-not-7004 attachment-portfolio size-portfolio wp-post-image\" alt=\"\" srcset=\"https:\/\/matre.de\/wp-content\/uploads\/IMG_0274-II-495x400.jpg 495w, https:\/\/matre.de\/wp-content\/uploads\/IMG_0274-II-845x684.jpg 845w\" sizes=\"(max-width: 495px) 100vw, 495px\" \/><\/a><div class='grid-content'><div class='avia-arrow'><\/div><header class=\"entry-content-header\" aria-label=\"Portfolio : Cinq talents\"><h3 class='grid-entry-title entry-title '  itemprop=\"headline\" ><a href='https:\/\/matre.de\/fr\/\u00e9l\u00e9ment-du-portefeuille\/cinq-talents\/' title='Cinq talents'>Cinq talents<\/a><\/h3><\/header><\/div><footer class=\"entry-footer\"><\/footer><\/article><\/div><div data-ajax-id='8037' class=' grid-entry flex_column isotope-item all_sort no_margin post-entry post-entry-8037 grid-entry-overview grid-loop-4 grid-parity-even  monotype_sort  av_one_half  default_av_fullwidth '><article class='main_color inner-entry'  itemscope=\"itemscope\" itemtype=\"https:\/\/schema.org\/CreativeWork\" ><a href=\"https:\/\/matre.de\/fr\/\u00e9l\u00e9ment-du-portefeuille\/dans-la-lumiere\/\" title='dans la lumi\u00e8re'  data-rel='grid-1' class='grid-image avia-hover-fx'> <img decoding=\"async\" fetchpriority=\"high\" width=\"495\" height=\"400\" src=\"https:\/\/matre.de\/wp-content\/uploads\/2015-06-02712-495x400.jpg\" class=\"wp-image-7012 avia-img-lazy-loading-not-7012 attachment-portfolio size-portfolio wp-post-image\" alt=\"\" srcset=\"https:\/\/matre.de\/wp-content\/uploads\/2015-06-02712-495x400.jpg 495w, https:\/\/matre.de\/wp-content\/uploads\/2015-06-02712-845x684.jpg 845w\" sizes=\"(max-width: 495px) 100vw, 495px\" \/><\/a><div class='grid-content'><div class='avia-arrow'><\/div><header class=\"entry-content-header\" aria-label=\"Portfolio : dans la lumi\u00e8re\"><h3 class='grid-entry-title entry-title '  itemprop=\"headline\" ><a href='https:\/\/matre.de\/fr\/\u00e9l\u00e9ment-du-portefeuille\/dans-la-lumiere\/' title='dans la lumi\u00e8re'>dans la lumi\u00e8re<\/a><\/h3><\/header><\/div><footer class=\"entry-footer\"><\/footer><\/article><\/div><div data-ajax-id='8043' class=' grid-entry flex_column isotope-item all_sort no_margin post-entry post-entry-8043 grid-entry-overview grid-loop-5 grid-parity-odd  monotype_sort  av_one_half first default_av_fullwidth '><article class='main_color inner-entry'  itemscope=\"itemscope\" itemtype=\"https:\/\/schema.org\/CreativeWork\" ><a href=\"https:\/\/matre.de\/fr\/\u00e9l\u00e9ment-du-portefeuille\/transformation-i\/\" title='Transformation I'  data-rel='grid-1' class='grid-image avia-hover-fx'> <img decoding=\"async\" fetchpriority=\"high\" width=\"495\" height=\"400\" src=\"https:\/\/matre.de\/wp-content\/uploads\/Transformation-1.7-495x400.jpg\" class=\"wp-image-6768 avia-img-lazy-loading-not-6768 attachment-portfolio size-portfolio wp-post-image\" alt=\"\" srcset=\"https:\/\/matre.de\/wp-content\/uploads\/Transformation-1.7-495x400.jpg 495w, https:\/\/matre.de\/wp-content\/uploads\/Transformation-1.7-845x684.jpg 845w\" sizes=\"(max-width: 495px) 100vw, 495px\" \/><\/a><div class='grid-content'><div class='avia-arrow'><\/div><header class=\"entry-content-header\" aria-label=\"Portfolio : Transformation I\"><h3 class='grid-entry-title entry-title '  itemprop=\"headline\" ><a href='https:\/\/matre.de\/fr\/\u00e9l\u00e9ment-du-portefeuille\/transformation-i\/' title='Transformation I'>Transformation I<\/a><\/h3><\/header><\/div><footer class=\"entry-footer\"><\/footer><\/article><\/div><div data-ajax-id='8050' class=' grid-entry flex_column isotope-item all_sort no_margin post-entry post-entry-8050 grid-entry-overview grid-loop-6 grid-parity-even  monotype_sort  av_one_half  default_av_fullwidth '><article class='main_color inner-entry'  itemscope=\"itemscope\" itemtype=\"https:\/\/schema.org\/CreativeWork\" ><a href=\"https:\/\/matre.de\/fr\/\u00e9l\u00e9ment-du-portefeuille\/signe-du-temps\/\" title='signe du temps'  data-rel='grid-1' class='grid-image avia-hover-fx'> <img decoding=\"async\" fetchpriority=\"high\" width=\"495\" height=\"400\" src=\"https:\/\/matre.de\/wp-content\/uploads\/zeitzeichen-01-495x400.jpg\" class=\"wp-image-6022 avia-img-lazy-loading-not-6022 attachment-portfolio size-portfolio wp-post-image\" alt=\"\" srcset=\"https:\/\/matre.de\/wp-content\/uploads\/zeitzeichen-01-495x400.jpg 495w, https:\/\/matre.de\/wp-content\/uploads\/zeitzeichen-01-845x684.jpg 845w, https:\/\/matre.de\/wp-content\/uploads\/zeitzeichen-01-710x575.jpg 710w\" sizes=\"(max-width: 495px) 100vw, 495px\" \/><\/a><div class='grid-content'><div class='avia-arrow'><\/div><header class=\"entry-content-header\" aria-label=\"Portfolio : signe du temps\"><h3 class='grid-entry-title entry-title '  itemprop=\"headline\" ><a href='https:\/\/matre.de\/fr\/\u00e9l\u00e9ment-du-portefeuille\/signe-du-temps\/' title='signe du temps'>signe du temps<\/a><\/h3><\/header><\/div><footer class=\"entry-footer\"><\/footer><\/article><\/div><div data-ajax-id='8058' class=' grid-entry flex_column isotope-item all_sort no_margin post-entry post-entry-8058 grid-entry-overview grid-loop-7 grid-parity-odd  monotype_sort  av_one_half first default_av_fullwidth '><article class='main_color inner-entry'  itemscope=\"itemscope\" itemtype=\"https:\/\/schema.org\/CreativeWork\" ><a href=\"https:\/\/matre.de\/fr\/\u00e9l\u00e9ment-du-portefeuille\/so-long\/\" title='so long'  data-rel='grid-1' class='grid-image avia-hover-fx'> <img decoding=\"async\" fetchpriority=\"high\" width=\"495\" height=\"400\" src=\"https:\/\/matre.de\/wp-content\/uploads\/so-long-027-495x400.jpg\" class=\"wp-image-6102 avia-img-lazy-loading-not-6102 attachment-portfolio size-portfolio wp-post-image\" alt=\"\" srcset=\"https:\/\/matre.de\/wp-content\/uploads\/so-long-027-495x400.jpg 495w, https:\/\/matre.de\/wp-content\/uploads\/so-long-027-845x684.jpg 845w, https:\/\/matre.de\/wp-content\/uploads\/so-long-027-710x575.jpg 710w\" sizes=\"(max-width: 495px) 100vw, 495px\" \/><\/a><div class='grid-content'><div class='avia-arrow'><\/div><header class=\"entry-content-header\" aria-label=\"Portfolio : so long\"><h3 class='grid-entry-title entry-title '  itemprop=\"headline\" ><a href='https:\/\/matre.de\/fr\/\u00e9l\u00e9ment-du-portefeuille\/so-long\/' title='so long'>so long<\/a><\/h3><\/header><\/div><footer class=\"entry-footer\"><\/footer><\/article><\/div><div data-ajax-id='8068' class=' grid-entry flex_column isotope-item all_sort no_margin post-entry post-entry-8068 grid-entry-overview grid-loop-8 grid-parity-even  post-entry-last  monotype_sort  av_one_half  default_av_fullwidth '><article class='main_color inner-entry'  itemscope=\"itemscope\" itemtype=\"https:\/\/schema.org\/CreativeWork\" ><a href=\"https:\/\/matre.de\/fr\/\u00e9l\u00e9ment-du-portefeuille\/minotaure\/\" title='Minotaure'  data-rel='grid-1' class='grid-image avia-hover-fx'> <img decoding=\"async\" fetchpriority=\"high\" width=\"495\" height=\"400\" src=\"https:\/\/matre.de\/wp-content\/uploads\/Minotaurus-und-der-Faden-der-Ariadne-3-495x400.jpg\" class=\"wp-image-5942 avia-img-lazy-loading-not-5942 attachment-portfolio size-portfolio wp-post-image\" alt=\"\" srcset=\"https:\/\/matre.de\/wp-content\/uploads\/Minotaurus-und-der-Faden-der-Ariadne-3-495x400.jpg 495w, https:\/\/matre.de\/wp-content\/uploads\/Minotaurus-und-der-Faden-der-Ariadne-3-845x684.jpg 845w, https:\/\/matre.de\/wp-content\/uploads\/Minotaurus-und-der-Faden-der-Ariadne-3-710x575.jpg 710w\" sizes=\"(max-width: 495px) 100vw, 495px\" \/><\/a><div class='grid-content'><div class='avia-arrow'><\/div><header class=\"entry-content-header\" aria-label=\"Portfolio : Minotaure\"><h3 class='grid-entry-title entry-title '  itemprop=\"headline\" ><a href='https:\/\/matre.de\/fr\/\u00e9l\u00e9ment-du-portefeuille\/minotaure\/' title='Minotaure'>Minotaure<\/a><\/h3><\/header><\/div><footer class=\"entry-footer\"><\/footer><\/article><\/div><\/div><div class='pagination-wrap  '><nav class='pagination'><span class='pagination-meta'>Page 1 sur 2<\/span><span class='current'>1<\/span><a href='https:\/\/matre.de\/fr\/wp-json\/wp\/v2\/pages\/7868\/?avia-element-paging=2' class='inactive next_page' >2<\/a><\/nav>\n<\/div><\/div><div  class='flex_column av-av_one_half-42d37b427ea0fe62155da7ff29a9dab8 av_one_half  avia-builder-el-4  el_after_av_one_half  avia-builder-el-last  flex_column_div  '     ><section  class='av_textblock_section av-kz75rr24-b169a373d24682cffd9c152e8286baeb '   itemscope=\"itemscope\" itemtype=\"https:\/\/schema.org\/CreativeWork\" ><div class='avia_textblock'  itemprop=\"text\" ><p>Le cycle \u00e9ternel de croissance et de d\u00e9clin inspire l&rsquo;artiste Matre dans son travail.\u00a0Elle imprime ses monotypes \u00e0 l&rsquo;aide de lames de scie, dont le propre pass\u00e9 coule dans le processus artistique et symbolise ce processus.\u00a0L&rsquo;utilisation exp\u00e9rimentale de la mati\u00e8re correspond \u00e0 l&rsquo;id\u00e9e centrale de l&rsquo;\u00e9ph\u00e9m\u00e8re &#8211; tout ce qui est cr\u00e9\u00e9 change, prend une nouvelle forme.<\/p>\n<p><em>Angelika Hille-Sandvoss<\/em><\/p>\n<\/div><\/section><\/div><\/p>\n","protected":false},"excerpt":{"rendered":"","protected":false},"author":9,"featured_media":0,"parent":7864,"menu_order":0,"comment_status":"closed","ping_status":"closed","template":"","meta":{"footnotes":""},"class_list":["post-7868","page","type-page","status-publish","hentry"],"_links":{"self":[{"href":"https:\/\/matre.de\/fr\/wp-json\/wp\/v2\/pages\/7868","targetHints":{"allow":["GET"]}}],"collection":[{"href":"https:\/\/matre.de\/fr\/wp-json\/wp\/v2\/pages"}],"about":[{"href":"https:\/\/matre.de\/fr\/wp-json\/wp\/v2\/types\/page"}],"author":[{"embeddable":true,"href":"https:\/\/matre.de\/fr\/wp-json\/wp\/v2\/users\/9"}],"replies":[{"embeddable":true,"href":"https:\/\/matre.de\/fr\/wp-json\/wp\/v2\/comments?post=7868"}],"version-history":[{"count":9,"href":"https:\/\/matre.de\/fr\/wp-json\/wp\/v2\/pages\/7868\/revisions"}],"predecessor-version":[{"id":7892,"href":"https:\/\/matre.de\/fr\/wp-json\/wp\/v2\/pages\/7868\/revisions\/7892"}],"up":[{"embeddable":true,"href":"https:\/\/matre.de\/fr\/wp-json\/wp\/v2\/pages\/7864"}],"wp:attachment":[{"href":"https:\/\/matre.de\/fr\/wp-json\/wp\/v2\/media?parent=7868"}],"curies":[{"name":"wp","href":"https:\/\/api.w.org\/{rel}","templated":true}]}}