{"id":7785,"date":"2019-04-12T14:13:21","date_gmt":"2019-04-12T12:13:21","guid":{"rendered":"https:\/\/matre.de\/impression-sur-verre\/"},"modified":"2022-02-03T13:50:40","modified_gmt":"2022-02-03T12:50:40","slug":"impression-sur-verre","status":"publish","type":"page","link":"https:\/\/matre.de\/fr\/artwork\/impression-sur-verre\/","title":{"rendered":"Impression sur verre"},"content":{"rendered":"<div  class='flex_column av-a4b7ta-c84a6b9f35a38c76829b6a70a70e7060 av_three_fifth  avia-builder-el-0  el_before_av_one_half  avia-builder-el-first  first flex_column_div  '     ><style type=\"text\/css\" data-created_by=\"avia_inline_auto\" id=\"style-css-av-jue15v59-e31c6bb75b4e29884ceec6a700b7e542\">\n#top .av-special-heading.av-jue15v59-e31c6bb75b4e29884ceec6a700b7e542{\npadding-bottom:10px;\n}\nbody .av-special-heading.av-jue15v59-e31c6bb75b4e29884ceec6a700b7e542 .av-special-heading-tag .heading-char{\nfont-size:25px;\n}\n.av-special-heading.av-jue15v59-e31c6bb75b4e29884ceec6a700b7e542 .av-subheading{\nfont-size:15px;\n}\n<\/style>\n<div  class='av-special-heading av-jue15v59-e31c6bb75b4e29884ceec6a700b7e542 av-special-heading-h2 blockquote modern-quote  avia-builder-el-1  avia-builder-el-no-sibling '><h2 class='av-special-heading-tag '  itemprop=\"headline\"  >Impressions sur verre<\/h2><div class=\"special-heading-border\"><div class=\"special-heading-inner-border\"><\/div><\/div><\/div><\/div>\n<div  class='flex_column av-7yjkry-c6b114a671be6e16ff479c7b3f1f3c02 av_one_half  avia-builder-el-2  el_after_av_three_fifth  el_before_av_one_half  first flex_column_div  '     ><style type=\"text\/css\" data-created_by=\"avia_inline_auto\" id=\"style-css-av-kz6ytqwt-04fe8348fb399ea9fd8b2b0da6da0cc5\">\n#top .avia-gallery.av-kz6ytqwt-04fe8348fb399ea9fd8b2b0da6da0cc5 .avia-gallery-thumb a{\nwidth:16.6667%;\n}\n<\/style>\n<div  class='avia-gallery av-kz6ytqwt-04fe8348fb399ea9fd8b2b0da6da0cc5 avia_animate_when_visible  avia-builder-el-3  avia-builder-el-no-sibling  avia_lazyload av-slideshow-ui av-loop-manual-endless av-control-hidden av-navigate-arrows av-navigate-dots hover-effect av-control-hidden avia-gallery-animate avia-gallery-1'  itemprop=\"image\" itemscope=\"itemscope\" itemtype=\"https:\/\/schema.org\/ImageObject\" ><meta itemprop=\"contentURL\" content=\"https:\/\/matre.de\/fr\/artwork\/impression-sur-verre\/\"><div class='avia-gallery-big-wrapper'><a class='avia-gallery-big fakeLightbox lightbox avia-gallery-big-crop-thumb ' href=\"https:\/\/matre.de\/wp-content\/uploads\/2019\/05\/sailing.jpg\" data-srcset=\"https:\/\/matre.de\/wp-content\/uploads\/2019\/05\/sailing.jpg 500w, https:\/\/matre.de\/wp-content\/uploads\/2019\/05\/sailing-480x480.jpg 480w, https:\/\/matre.de\/wp-content\/uploads\/2019\/05\/sailing-80x80.jpg 80w, https:\/\/matre.de\/wp-content\/uploads\/2019\/05\/sailing-36x36.jpg 36w, https:\/\/matre.de\/wp-content\/uploads\/2019\/05\/sailing-180x180.jpg 180w, https:\/\/matre.de\/wp-content\/uploads\/2019\/05\/sailing-300x300.jpg 300w, https:\/\/matre.de\/wp-content\/uploads\/2019\/05\/sailing-120x120.jpg 120w, https:\/\/matre.de\/wp-content\/uploads\/2019\/05\/sailing-450x450.jpg 450w\" data-sizes=\"(max-width: 500px) 100vw, 500px\"  data-onclick='1' title='Sailing' ><span class='avia-gallery-big-inner'  itemprop=\"thumbnailUrl\" ><img decoding=\"async\" fetchpriority=\"high\" class=\"wp-image-7542 avia-img-lazy-loading-not-7542\"  width=\"500\" height=\"500\" src=\"https:\/\/matre.de\/wp-content\/uploads\/2019\/05\/sailing.jpg\" title='Sailing' alt='Sailing' srcset=\"https:\/\/matre.de\/wp-content\/uploads\/2019\/05\/sailing.jpg 500w, https:\/\/matre.de\/wp-content\/uploads\/2019\/05\/sailing-480x480.jpg 480w, https:\/\/matre.de\/wp-content\/uploads\/2019\/05\/sailing-80x80.jpg 80w, https:\/\/matre.de\/wp-content\/uploads\/2019\/05\/sailing-36x36.jpg 36w, https:\/\/matre.de\/wp-content\/uploads\/2019\/05\/sailing-180x180.jpg 180w, https:\/\/matre.de\/wp-content\/uploads\/2019\/05\/sailing-300x300.jpg 300w, https:\/\/matre.de\/wp-content\/uploads\/2019\/05\/sailing-120x120.jpg 120w, https:\/\/matre.de\/wp-content\/uploads\/2019\/05\/sailing-450x450.jpg 450w\" sizes=\"(max-width: 500px) 100vw, 500px\" \/><\/span><\/a><\/div><div class='avia-gallery-thumb'><a href=\"https:\/\/matre.de\/wp-content\/uploads\/2019\/05\/sailing.jpg\" data-srcset=\"https:\/\/matre.de\/wp-content\/uploads\/2019\/05\/sailing.jpg 500w, https:\/\/matre.de\/wp-content\/uploads\/2019\/05\/sailing-480x480.jpg 480w, https:\/\/matre.de\/wp-content\/uploads\/2019\/05\/sailing-80x80.jpg 80w, https:\/\/matre.de\/wp-content\/uploads\/2019\/05\/sailing-36x36.jpg 36w, https:\/\/matre.de\/wp-content\/uploads\/2019\/05\/sailing-180x180.jpg 180w, https:\/\/matre.de\/wp-content\/uploads\/2019\/05\/sailing-300x300.jpg 300w, https:\/\/matre.de\/wp-content\/uploads\/2019\/05\/sailing-120x120.jpg 120w, https:\/\/matre.de\/wp-content\/uploads\/2019\/05\/sailing-450x450.jpg 450w\" data-sizes=\"(max-width: 500px) 100vw, 500px\" data-rel='gallery-1' data-prev-img='https:\/\/matre.de\/wp-content\/uploads\/2019\/05\/sailing.jpg' class='first_thumb lightbox ' data-onclick='1' title='Sailing'  itemprop=\"thumbnailUrl\"  ><img decoding=\"async\" fetchpriority=\"high\" class=\"wp-image-7542 avia-img-lazy-loading-not-7542\"   src=\"https:\/\/matre.de\/wp-content\/uploads\/2019\/05\/sailing-495x400.jpg\" width=\"495\" height=\"400\"  title='Sailing' alt='Sailing' \/><div class='big-prev-fake'><img decoding=\"async\" loading=\"lazy\" class=\"wp-image-7542 avia-img-lazy-loading-7542\"  width=\"500\" height=\"500\" src=\"https:\/\/matre.de\/wp-content\/uploads\/2019\/05\/sailing.jpg\" title='Sailing' alt='Sailing' srcset=\"https:\/\/matre.de\/wp-content\/uploads\/2019\/05\/sailing.jpg 500w, https:\/\/matre.de\/wp-content\/uploads\/2019\/05\/sailing-480x480.jpg 480w, https:\/\/matre.de\/wp-content\/uploads\/2019\/05\/sailing-80x80.jpg 80w, https:\/\/matre.de\/wp-content\/uploads\/2019\/05\/sailing-36x36.jpg 36w, https:\/\/matre.de\/wp-content\/uploads\/2019\/05\/sailing-180x180.jpg 180w, https:\/\/matre.de\/wp-content\/uploads\/2019\/05\/sailing-300x300.jpg 300w, https:\/\/matre.de\/wp-content\/uploads\/2019\/05\/sailing-120x120.jpg 120w, https:\/\/matre.de\/wp-content\/uploads\/2019\/05\/sailing-450x450.jpg 450w\" sizes=\"auto, (max-width: 500px) 100vw, 500px\" \/><\/div><\/a><a href=\"https:\/\/matre.de\/wp-content\/uploads\/2019\/04\/im-licht.jpg\" data-srcset=\"https:\/\/matre.de\/wp-content\/uploads\/2019\/04\/im-licht.jpg 700w, https:\/\/matre.de\/wp-content\/uploads\/2019\/04\/im-licht-480x480.jpg 480w, https:\/\/matre.de\/wp-content\/uploads\/2019\/04\/im-licht-80x80.jpg 80w, https:\/\/matre.de\/wp-content\/uploads\/2019\/04\/im-licht-36x36.jpg 36w, https:\/\/matre.de\/wp-content\/uploads\/2019\/04\/im-licht-180x180.jpg 180w, https:\/\/matre.de\/wp-content\/uploads\/2019\/04\/im-licht-300x300.jpg 300w, https:\/\/matre.de\/wp-content\/uploads\/2019\/04\/im-licht-120x120.jpg 120w, https:\/\/matre.de\/wp-content\/uploads\/2019\/04\/im-licht-450x450.jpg 450w\" data-sizes=\"(max-width: 700px) 100vw, 700px\" data-rel='gallery-1' data-prev-img='https:\/\/matre.de\/wp-content\/uploads\/2019\/04\/im-licht.jpg' class='lightbox ' data-onclick='2' title='Dans la lumi\u00e8re'  itemprop=\"thumbnailUrl\"  ><img decoding=\"async\" fetchpriority=\"high\" class=\"wp-image-7528 avia-img-lazy-loading-not-7528\"   src=\"https:\/\/matre.de\/wp-content\/uploads\/2019\/04\/im-licht-495x400.jpg\" width=\"495\" height=\"400\"  title='Dans la lumi\u00e8re' alt='Dans la lumi\u00e8re' \/><div class='big-prev-fake'><img decoding=\"async\" loading=\"lazy\" class=\"wp-image-7528 avia-img-lazy-loading-7528\"  width=\"700\" height=\"700\" src=\"https:\/\/matre.de\/wp-content\/uploads\/2019\/04\/im-licht.jpg\" title='Dans la lumi\u00e8re' alt='Dans la lumi\u00e8re' srcset=\"https:\/\/matre.de\/wp-content\/uploads\/2019\/04\/im-licht.jpg 700w, https:\/\/matre.de\/wp-content\/uploads\/2019\/04\/im-licht-480x480.jpg 480w, https:\/\/matre.de\/wp-content\/uploads\/2019\/04\/im-licht-80x80.jpg 80w, https:\/\/matre.de\/wp-content\/uploads\/2019\/04\/im-licht-36x36.jpg 36w, https:\/\/matre.de\/wp-content\/uploads\/2019\/04\/im-licht-180x180.jpg 180w, https:\/\/matre.de\/wp-content\/uploads\/2019\/04\/im-licht-300x300.jpg 300w, https:\/\/matre.de\/wp-content\/uploads\/2019\/04\/im-licht-120x120.jpg 120w, https:\/\/matre.de\/wp-content\/uploads\/2019\/04\/im-licht-450x450.jpg 450w\" sizes=\"auto, (max-width: 700px) 100vw, 700px\" \/><\/div><\/a><a href=\"https:\/\/matre.de\/wp-content\/uploads\/2019\/04\/herz.jpg\" data-srcset=\"https:\/\/matre.de\/wp-content\/uploads\/2019\/04\/herz.jpg 700w, https:\/\/matre.de\/wp-content\/uploads\/2019\/04\/herz-481x480.jpg 481w, https:\/\/matre.de\/wp-content\/uploads\/2019\/04\/herz-80x80.jpg 80w, https:\/\/matre.de\/wp-content\/uploads\/2019\/04\/herz-36x36.jpg 36w, https:\/\/matre.de\/wp-content\/uploads\/2019\/04\/herz-180x180.jpg 180w, https:\/\/matre.de\/wp-content\/uploads\/2019\/04\/herz-300x300.jpg 300w, https:\/\/matre.de\/wp-content\/uploads\/2019\/04\/herz-120x120.jpg 120w, https:\/\/matre.de\/wp-content\/uploads\/2019\/04\/herz-450x449.jpg 450w\" data-sizes=\"(max-width: 700px) 100vw, 700px\" data-rel='gallery-1' data-prev-img='https:\/\/matre.de\/wp-content\/uploads\/2019\/04\/herz.jpg' class='lightbox ' data-onclick='3' title='C\u0153ur'  itemprop=\"thumbnailUrl\"  ><img decoding=\"async\" fetchpriority=\"high\" class=\"wp-image-7526 avia-img-lazy-loading-not-7526\"   src=\"https:\/\/matre.de\/wp-content\/uploads\/2019\/04\/herz-495x400.jpg\" width=\"495\" height=\"400\"  title='C\u0153ur' alt='C\u0153ur' \/><div class='big-prev-fake'><img decoding=\"async\" loading=\"lazy\" class=\"wp-image-7526 avia-img-lazy-loading-7526\"  width=\"700\" height=\"698\" src=\"https:\/\/matre.de\/wp-content\/uploads\/2019\/04\/herz.jpg\" title='C\u0153ur' alt='C\u0153ur' srcset=\"https:\/\/matre.de\/wp-content\/uploads\/2019\/04\/herz.jpg 700w, https:\/\/matre.de\/wp-content\/uploads\/2019\/04\/herz-481x480.jpg 481w, https:\/\/matre.de\/wp-content\/uploads\/2019\/04\/herz-80x80.jpg 80w, https:\/\/matre.de\/wp-content\/uploads\/2019\/04\/herz-36x36.jpg 36w, https:\/\/matre.de\/wp-content\/uploads\/2019\/04\/herz-180x180.jpg 180w, https:\/\/matre.de\/wp-content\/uploads\/2019\/04\/herz-300x300.jpg 300w, https:\/\/matre.de\/wp-content\/uploads\/2019\/04\/herz-120x120.jpg 120w, https:\/\/matre.de\/wp-content\/uploads\/2019\/04\/herz-450x449.jpg 450w\" sizes=\"auto, (max-width: 700px) 100vw, 700px\" \/><\/div><\/a><a href=\"https:\/\/matre.de\/wp-content\/uploads\/2019\/04\/getreide.jpg\" data-srcset=\"https:\/\/matre.de\/wp-content\/uploads\/2019\/04\/getreide.jpg 700w, https:\/\/matre.de\/wp-content\/uploads\/2019\/04\/getreide-481x480.jpg 481w, https:\/\/matre.de\/wp-content\/uploads\/2019\/04\/getreide-80x80.jpg 80w, https:\/\/matre.de\/wp-content\/uploads\/2019\/04\/getreide-36x36.jpg 36w, https:\/\/matre.de\/wp-content\/uploads\/2019\/04\/getreide-180x180.jpg 180w, https:\/\/matre.de\/wp-content\/uploads\/2019\/04\/getreide-300x300.jpg 300w, https:\/\/matre.de\/wp-content\/uploads\/2019\/04\/getreide-120x120.jpg 120w, https:\/\/matre.de\/wp-content\/uploads\/2019\/04\/getreide-450x449.jpg 450w\" data-sizes=\"(max-width: 700px) 100vw, 700px\" data-rel='gallery-1' data-prev-img='https:\/\/matre.de\/wp-content\/uploads\/2019\/04\/getreide.jpg' class='lightbox ' data-onclick='4' title='Grain'  itemprop=\"thumbnailUrl\"  ><img decoding=\"async\" fetchpriority=\"high\" class=\"wp-image-7524 avia-img-lazy-loading-not-7524\"   src=\"https:\/\/matre.de\/wp-content\/uploads\/2019\/04\/getreide-495x400.jpg\" width=\"495\" height=\"400\"  title='Grain' alt='Grain' \/><div class='big-prev-fake'><img decoding=\"async\" loading=\"lazy\" class=\"wp-image-7524 avia-img-lazy-loading-7524\"  width=\"700\" height=\"698\" src=\"https:\/\/matre.de\/wp-content\/uploads\/2019\/04\/getreide.jpg\" title='Grain' alt='Grain' srcset=\"https:\/\/matre.de\/wp-content\/uploads\/2019\/04\/getreide.jpg 700w, https:\/\/matre.de\/wp-content\/uploads\/2019\/04\/getreide-481x480.jpg 481w, https:\/\/matre.de\/wp-content\/uploads\/2019\/04\/getreide-80x80.jpg 80w, https:\/\/matre.de\/wp-content\/uploads\/2019\/04\/getreide-36x36.jpg 36w, https:\/\/matre.de\/wp-content\/uploads\/2019\/04\/getreide-180x180.jpg 180w, https:\/\/matre.de\/wp-content\/uploads\/2019\/04\/getreide-300x300.jpg 300w, https:\/\/matre.de\/wp-content\/uploads\/2019\/04\/getreide-120x120.jpg 120w, https:\/\/matre.de\/wp-content\/uploads\/2019\/04\/getreide-450x449.jpg 450w\" sizes=\"auto, (max-width: 700px) 100vw, 700px\" \/><\/div><\/a><a href=\"https:\/\/matre.de\/wp-content\/uploads\/2019\/05\/in-ihrer-kueche-2.jpg\" data-srcset=\"https:\/\/matre.de\/wp-content\/uploads\/2019\/05\/in-ihrer-kueche-2.jpg 700w, https:\/\/matre.de\/wp-content\/uploads\/2019\/05\/in-ihrer-kueche-2-640x480.jpg 640w, https:\/\/matre.de\/wp-content\/uploads\/2019\/05\/in-ihrer-kueche-2-300x225.jpg 300w, https:\/\/matre.de\/wp-content\/uploads\/2019\/05\/in-ihrer-kueche-2-450x338.jpg 450w\" data-sizes=\"(max-width: 700px) 100vw, 700px\" data-rel='gallery-1' data-prev-img='https:\/\/matre.de\/wp-content\/uploads\/2019\/05\/in-ihrer-kueche-2.jpg' class='lightbox ' data-onclick='5' title='Dans ta cuisine'  itemprop=\"thumbnailUrl\"  ><img decoding=\"async\" fetchpriority=\"high\" class=\"wp-image-7532 avia-img-lazy-loading-not-7532\"   src=\"https:\/\/matre.de\/wp-content\/uploads\/2019\/05\/in-ihrer-kueche-2-495x400.jpg\" width=\"495\" height=\"400\"  title='Dans ta cuisine' alt='Dans ta cuisine' \/><div class='big-prev-fake'><img decoding=\"async\" loading=\"lazy\" class=\"wp-image-7532 avia-img-lazy-loading-7532\"  width=\"700\" height=\"525\" src=\"https:\/\/matre.de\/wp-content\/uploads\/2019\/05\/in-ihrer-kueche-2.jpg\" title='Dans ta cuisine' alt='Dans ta cuisine' srcset=\"https:\/\/matre.de\/wp-content\/uploads\/2019\/05\/in-ihrer-kueche-2.jpg 700w, https:\/\/matre.de\/wp-content\/uploads\/2019\/05\/in-ihrer-kueche-2-640x480.jpg 640w, https:\/\/matre.de\/wp-content\/uploads\/2019\/05\/in-ihrer-kueche-2-300x225.jpg 300w, https:\/\/matre.de\/wp-content\/uploads\/2019\/05\/in-ihrer-kueche-2-450x338.jpg 450w\" sizes=\"auto, (max-width: 700px) 100vw, 700px\" \/><\/div><\/a><a href=\"https:\/\/matre.de\/wp-content\/uploads\/2019\/05\/in-ihrer-kueche.jpg\" data-srcset=\"https:\/\/matre.de\/wp-content\/uploads\/2019\/05\/in-ihrer-kueche.jpg 700w, https:\/\/matre.de\/wp-content\/uploads\/2019\/05\/in-ihrer-kueche-640x480.jpg 640w, https:\/\/matre.de\/wp-content\/uploads\/2019\/05\/in-ihrer-kueche-300x225.jpg 300w, https:\/\/matre.de\/wp-content\/uploads\/2019\/05\/in-ihrer-kueche-450x338.jpg 450w\" data-sizes=\"(max-width: 700px) 100vw, 700px\" data-rel='gallery-1' data-prev-img='https:\/\/matre.de\/wp-content\/uploads\/2019\/05\/in-ihrer-kueche.jpg' class='lightbox ' data-onclick='6' title='Dans ta cuisine'  itemprop=\"thumbnailUrl\"  ><img decoding=\"async\" fetchpriority=\"high\" class=\"wp-image-7530 avia-img-lazy-loading-not-7530\"   src=\"https:\/\/matre.de\/wp-content\/uploads\/2019\/05\/in-ihrer-kueche-495x400.jpg\" width=\"495\" height=\"400\"  title='Dans ta cuisine' alt='Dans ta cuisine' \/><div class='big-prev-fake'><img decoding=\"async\" loading=\"lazy\" class=\"wp-image-7530 avia-img-lazy-loading-7530\"  width=\"700\" height=\"525\" src=\"https:\/\/matre.de\/wp-content\/uploads\/2019\/05\/in-ihrer-kueche.jpg\" title='Dans ta cuisine' alt='Dans ta cuisine' srcset=\"https:\/\/matre.de\/wp-content\/uploads\/2019\/05\/in-ihrer-kueche.jpg 700w, https:\/\/matre.de\/wp-content\/uploads\/2019\/05\/in-ihrer-kueche-640x480.jpg 640w, https:\/\/matre.de\/wp-content\/uploads\/2019\/05\/in-ihrer-kueche-300x225.jpg 300w, https:\/\/matre.de\/wp-content\/uploads\/2019\/05\/in-ihrer-kueche-450x338.jpg 450w\" sizes=\"auto, (max-width: 700px) 100vw, 700px\" \/><\/div><\/a><\/div><\/div><\/div><div  class='flex_column av-49p4ke-891e639166ec448169d334ae0a235ea9 av_one_half  avia-builder-el-4  el_after_av_one_half  avia-builder-el-last  flex_column_div  '     ><section  class='av_textblock_section av-26h0a6-00a097eef5b3597d98c3b9959a21ce72 '   itemscope=\"itemscope\" itemtype=\"https:\/\/schema.org\/CreativeWork\" ><div class='avia_textblock'  itemprop=\"text\" ><p>MATRE a d\u00e9velopp\u00e9 sa propre technique d&rsquo;impression. Elle cr\u00e9e ses images en utilisant une vari\u00e9t\u00e9 de mat\u00e9riaux sur sa presse \u00e0 imprimer. Cela cr\u00e9e des pi\u00e8ces uniques avec beaucoup d&rsquo;\u00e9clat et de profondeur.<\/p>\n<p>Les images peuvent \u00eatre achet\u00e9es comme une \u0153uvre d&rsquo;art unique ou comme une reproduction de haute technologie sous la forme d&rsquo;une image en verre, qui est fabriqu\u00e9e individuellement selon vos souhaits.<\/p>\n<\/div><\/section><\/div><\/p>\n","protected":false},"excerpt":{"rendered":"","protected":false},"author":9,"featured_media":0,"parent":7864,"menu_order":0,"comment_status":"closed","ping_status":"closed","template":"","meta":{"footnotes":""},"class_list":["post-7785","page","type-page","status-publish","hentry"],"_links":{"self":[{"href":"https:\/\/matre.de\/fr\/wp-json\/wp\/v2\/pages\/7785","targetHints":{"allow":["GET"]}}],"collection":[{"href":"https:\/\/matre.de\/fr\/wp-json\/wp\/v2\/pages"}],"about":[{"href":"https:\/\/matre.de\/fr\/wp-json\/wp\/v2\/types\/page"}],"author":[{"embeddable":true,"href":"https:\/\/matre.de\/fr\/wp-json\/wp\/v2\/users\/9"}],"replies":[{"embeddable":true,"href":"https:\/\/matre.de\/fr\/wp-json\/wp\/v2\/comments?post=7785"}],"version-history":[{"count":7,"href":"https:\/\/matre.de\/fr\/wp-json\/wp\/v2\/pages\/7785\/revisions"}],"predecessor-version":[{"id":7893,"href":"https:\/\/matre.de\/fr\/wp-json\/wp\/v2\/pages\/7785\/revisions\/7893"}],"up":[{"embeddable":true,"href":"https:\/\/matre.de\/fr\/wp-json\/wp\/v2\/pages\/7864"}],"wp:attachment":[{"href":"https:\/\/matre.de\/fr\/wp-json\/wp\/v2\/media?parent=7785"}],"curies":[{"name":"wp","href":"https:\/\/api.w.org\/{rel}","templated":true}]}}