{"id":8753,"date":"2019-03-19T10:56:21","date_gmt":"2019-03-19T09:56:21","guid":{"rendered":"https:\/\/matre.de\/vita\/"},"modified":"2022-02-28T13:30:41","modified_gmt":"2022-02-28T12:30:41","slug":"resume","status":"publish","type":"page","link":"https:\/\/matre.de\/en\/resume\/","title":{"rendered":"Resume"},"content":{"rendered":"<div id='layer_slider_1'  class='avia-layerslider main_color avia-shadow  avia-builder-el-0  el_before_av_one_full  avia-builder-el-first  container_wrap fullsize'  style='height: 471px; max-width: 1140px; margin: 0 auto;'  ><\/div><div id='after_layer_slider_1'  class='main_color av_default_container_wrap container_wrap fullsize'  ><div class='container av-section-cont-open' ><div class='template-page content  av-content-full alpha units'><div class='post-entry post-entry-type-page post-entry-8753'><div class='entry-content-wrapper clearfix'>\n\n<style type=\"text\/css\" data-created_by=\"avia_inline_auto\" id=\"style-css-av-d7g0tq-be2b2ae95eea9a32bf944884bd517463\">\n.flex_column.av-d7g0tq-be2b2ae95eea9a32bf944884bd517463{\nborder-radius:0px 0px 0px 0px;\npadding:0px 0px 0px 0px;\n}\n<\/style>\n<div  class='flex_column av-d7g0tq-be2b2ae95eea9a32bf944884bd517463 av_one_full  avia-builder-el-1  el_after_av_layerslider  el_before_av_one_half  avia-builder-el-first  first flex_column_div av-zero-column-padding  '     ><style type=\"text\/css\" data-created_by=\"avia_inline_auto\" id=\"style-css-av-jtfl4c7m-3dcd4f9d7f44b6089d610e4518dc0fd6\">\n#top .av-special-heading.av-jtfl4c7m-3dcd4f9d7f44b6089d610e4518dc0fd6{\npadding-bottom:10px;\n}\nbody .av-special-heading.av-jtfl4c7m-3dcd4f9d7f44b6089d610e4518dc0fd6 .av-special-heading-tag .heading-char{\nfont-size:25px;\n}\n.av-special-heading.av-jtfl4c7m-3dcd4f9d7f44b6089d610e4518dc0fd6 .av-subheading{\nfont-size:15px;\n}\n<\/style>\n<div  class='av-special-heading av-jtfl4c7m-3dcd4f9d7f44b6089d610e4518dc0fd6 av-special-heading-h2 blockquote modern-quote  avia-builder-el-2  avia-builder-el-no-sibling  av-linked-heading'><h2 class='av-special-heading-tag '  itemprop=\"headline\"  >Resume<\/h2><div class=\"special-heading-border\"><div class=\"special-heading-inner-border\"><\/div><\/div><\/div><\/div>\n<style type=\"text\/css\" data-created_by=\"avia_inline_auto\" id=\"style-css-av-a9fd4u-552d5d46f53c2b3182e3c2c77d6f0018\">\n.flex_column.av-a9fd4u-552d5d46f53c2b3182e3c2c77d6f0018{\nborder-radius:0px 0px 0px 0px;\npadding:0px 0px 0px 0px;\n}\n<\/style>\n<div  class='flex_column av-a9fd4u-552d5d46f53c2b3182e3c2c77d6f0018 av_one_half  avia-builder-el-3  el_after_av_one_full  el_before_av_one_fifth  first flex_column_div av-zero-column-padding  column-top-margin'     ><section  class='av_textblock_section av-jtfl6ejf-1b183e33cde2de999cd3584332628002 '   itemscope=\"itemscope\" itemtype=\"https:\/\/schema.org\/CreativeWork\" ><div class='avia_textblock'  itemprop=\"text\" ><p>The most striking feature is her frequently expressed eagerness to experiment, both in terms of materials and techniques. Yet it is always her very own thoughts, feelings, and visions that she reshapes with the media of paint, bronze, and clay, transforming them into another dimension.<\/p>\n<p style=\"text-align: right;\"><em>Dr. Peter Blomen<\/em><\/p>\n<\/div><\/section><\/div><\/p>\n\n<style type=\"text\/css\" data-created_by=\"avia_inline_auto\" id=\"style-css-av-8tmv7y-ceecf6967fac67c77b9dd6031b53fb5b\">\n.flex_column.av-8tmv7y-ceecf6967fac67c77b9dd6031b53fb5b{\nborder-radius:0px 0px 0px 0px;\npadding:0px 0px 0px 0px;\n}\n<\/style>\n<div  class='flex_column av-8tmv7y-ceecf6967fac67c77b9dd6031b53fb5b av_one_fifth  avia-builder-el-5  el_after_av_one_half  el_before_av_one_half  flex_column_div av-zero-column-padding  column-top-margin'     ><style type=\"text\/css\" data-created_by=\"avia_inline_auto\" id=\"style-css-av-jtfl8p85-1a03733c163545217766ee3d999e42a6\">\n.avia-image-container.av-jtfl8p85-1a03733c163545217766ee3d999e42a6 img.avia_image{\nbox-shadow:none;\n}\n.avia-image-container.av-jtfl8p85-1a03733c163545217766ee3d999e42a6 .av-image-caption-overlay-center{\ncolor:#ffffff;\n}\n<\/style>\n<div  class='avia-image-container av-jtfl8p85-1a03733c163545217766ee3d999e42a6 av-styling- avia-align-left  avia-builder-el-6  avia-builder-el-no-sibling '   itemprop=\"image\" itemscope=\"itemscope\" itemtype=\"https:\/\/schema.org\/ImageObject\" ><div class=\"avia-image-container-inner\"><div class=\"avia-image-overlay-wrap\"><img decoding=\"async\" fetchpriority=\"high\" class='wp-image-7717 avia-img-lazy-loading-not-7717 avia_image ' src=\"https:\/\/matre.de\/wp-content\/uploads\/2021\/12\/portrait_matre.jpg\" alt='' title='MATRE Portraitfoto'  height=\"660\" width=\"440\"  itemprop=\"thumbnailUrl\" srcset=\"https:\/\/matre.de\/wp-content\/uploads\/2021\/12\/portrait_matre.jpg 440w, https:\/\/matre.de\/wp-content\/uploads\/2021\/12\/portrait_matre-320x480.jpg 320w\" sizes=\"(max-width: 440px) 100vw, 440px\" \/><\/div><\/div><\/div><\/div>\n\n<style type=\"text\/css\" data-created_by=\"avia_inline_auto\" id=\"style-css-av-765nvy-50b176e661a7bebe057b75f07e802659\">\n.flex_column.av-765nvy-50b176e661a7bebe057b75f07e802659{\nborder-radius:0px 0px 0px 0px;\npadding:0px 0px 0px 0px;\n}\n<\/style>\n<div  class='flex_column av-765nvy-50b176e661a7bebe057b75f07e802659 av_one_half  avia-builder-el-7  el_after_av_one_fifth  el_before_av_one_half  first flex_column_div av-zero-column-padding  column-top-margin'     ><style type=\"text\/css\" data-created_by=\"avia_inline_auto\" id=\"style-css-av-jtfl9da3-65af4f138bbfebed726a837ba9469505\">\n#top .hr.hr-invisible.av-jtfl9da3-65af4f138bbfebed726a837ba9469505{\nheight:50px;\n}\n<\/style>\n<div  class='hr av-jtfl9da3-65af4f138bbfebed726a837ba9469505 hr-invisible  avia-builder-el-8  avia-builder-el-no-sibling '><span class='hr-inner '><span class=\"hr-inner-style\"><\/span><\/span><\/div><\/div>\n\n<style type=\"text\/css\" data-created_by=\"avia_inline_auto\" id=\"style-css-av-6gat32-3ed6d20f8996da62ecaee192e366e7d6\">\n.flex_column.av-6gat32-3ed6d20f8996da62ecaee192e366e7d6{\nborder-radius:0px 0px 0px 0px;\npadding:0px 0px 0px 0px;\n}\n<\/style>\n<div  class='flex_column av-6gat32-3ed6d20f8996da62ecaee192e366e7d6 av_one_half  avia-builder-el-9  el_after_av_one_half  el_before_av_one_full  flex_column_div av-zero-column-padding  column-top-margin'     ><section  class='av_textblock_section av-jtflag6h-9522cc4e17ec935f2781007e62ac0158 '   itemscope=\"itemscope\" itemtype=\"https:\/\/schema.org\/CreativeWork\" ><div class='avia_textblock'  itemprop=\"text\" ><p>Born 1958<br \/>\n1981 &#8211; 1986 Dipl.-Ing. (M.Eng.) at Kiel University, Germany<br \/>\nSince 1997 Freelance Artist<\/p>\n<p>Memberships:<br \/>\n<a href=\"http:\/\/www.duesseldorfer-kuenstlerinnen.de\/\" target=\"_blank\" rel=\"noopener noreferrer\">Association of D\u00fcsseldorf Women Artists<\/a><br \/>\n<a href=\"http:\/\/www.gedok-a46.de\/\" target=\"_blank\" rel=\"noopener noreferrer\">GEDOK A46 D\u00fcsseldorf<\/a><br \/>\n<a href=\"http:\/\/www.bbk-kunstforum.de\/\" target=\"_blank\" rel=\"noopener noreferrer\">BBK D\u00fcsseldorf<\/a><br \/>\n<a href=\"http:\/\/www.frauenmuseum.de\/\" target=\"_blank\" rel=\"noopener noreferrer\">Women&#8217;s Museum Bonn<\/a><\/p>\n<p>Fields of work:<br \/>\nPrints, sculptures, installations, action LIFE is ART ART is LIFE<\/p>\n<\/div><\/section><\/div><div  class='flex_column av-1xbtny-63830ed940b502b4e85d4830f0c9c1b9 av_one_full  avia-builder-el-11  el_after_av_one_half  el_before_av_one_half  first flex_column_div  column-top-margin'     ><p>\n<style type=\"text\/css\" data-created_by=\"avia_inline_auto\" id=\"style-css-av-jtfl9da3-816e900396ac491172e76700c3ffe0de\">\n#top .hr.hr-invisible.av-jtfl9da3-816e900396ac491172e76700c3ffe0de{\nheight:32px;\n}\n<\/style>\n<div  class='hr av-jtfl9da3-816e900396ac491172e76700c3ffe0de hr-invisible  avia-builder-el-12  el_before_av_heading  avia-builder-el-first '><span class='hr-inner '><span class=\"hr-inner-style\"><\/span><\/span><\/div><br \/>\n\n<style type=\"text\/css\" data-created_by=\"avia_inline_auto\" id=\"style-css-av-kxqh2xas-a0b9edce299d572c669a09683ffa9e4d\">\n#top .av-special-heading.av-kxqh2xas-a0b9edce299d572c669a09683ffa9e4d{\npadding-bottom:10px;\n}\nbody .av-special-heading.av-kxqh2xas-a0b9edce299d572c669a09683ffa9e4d .av-special-heading-tag .heading-char{\nfont-size:25px;\n}\n.av-special-heading.av-kxqh2xas-a0b9edce299d572c669a09683ffa9e4d .av-subheading{\nfont-size:15px;\n}\n<\/style>\n<div  class='av-special-heading av-kxqh2xas-a0b9edce299d572c669a09683ffa9e4d av-special-heading-h2 blockquote modern-quote  avia-builder-el-13  el_after_av_hr  avia-builder-el-last '><h2 class='av-special-heading-tag '  itemprop=\"headline\"  >Selection of Exhibitions and Projects<\/h2><div class=\"special-heading-border\"><div class=\"special-heading-inner-border\"><\/div><\/div><\/div><\/p><\/div><\/p>\n\n<style type=\"text\/css\" data-created_by=\"avia_inline_auto\" id=\"style-css-av-4lhjku-b6cdbfd1eed15c06ecd03dfc1741ca72\">\n.flex_column.av-4lhjku-b6cdbfd1eed15c06ecd03dfc1741ca72{\nborder-radius:0px 0px 0px 0px;\npadding:0px 0px 0px 0px;\n}\n<\/style>\n<div  class='flex_column av-4lhjku-b6cdbfd1eed15c06ecd03dfc1741ca72 av_one_half  avia-builder-el-14  el_after_av_one_full  el_before_av_one_half  first flex_column_div av-zero-column-padding  column-top-margin'     ><section  class='av_textblock_section av-jtflhy7y-789eddccfaffe07b3450bf5a805f2249 '   itemscope=\"itemscope\" itemtype=\"https:\/\/schema.org\/CreativeWork\" ><div class='avia_textblock'  itemprop=\"text\" ><p>2021<br \/>\n\u201ewind of change\u201c f\u00fcr das 10. Windkunstfestival \u201ebewegter wind\u201c zum Thema \u201echange\u201c, 700 gen\u00e4hte Stoffmasken wehen im Wind entlang der Diemel, (Corona als Mauer, die trennt) Installation 27mx 3,5m)Finalistin (K))<br \/>\nGEDANKEN S\u00c4EN, eine Installation 6mx6mx10m, bundesweite Ausstellung zu 100 Jahre Beuys, Hangar Detmold, GEDOK OWL (K)<br \/>\nEUROPA! WOHIN! 7. Europ\u00e4ischer K\u00fcnstlerwettbewerb Ton, 270x50x40 cm, Europa Union, Finalistin, Ernennung zur Europa K\u00fcnstlerin (K)<br \/>\nREGENBOGENFARBEN f\u00fcr eine bunte lebendige Welt, Gestaltung der Wand gegen Ausl\u00e4nderfeindlichkeit, Marktplatz Meerbusch eine Initiative von K\u00fcnstlern, Schirmherrschaft der Stadt Meerbusch<br \/>\nLANGEWEILE IM PARADIES Installationmit kleinen Erdantennen, Ton, Frauenmuseum, Bonn (K)<\/p>\n<p>2020<br \/>\n\u201eDer Wind hat mir ein Lied erz\u00e4hlt\u201c GEDOK OWL, Detmold<br \/>\nEIN PLANET &#8211; ONE WORLD Gestaltung der Plakatwand gegen Ausl\u00e4nderfeindlichkeit, Meerbusch<br \/>\nLEIDENSCHAFT KUNST Jubil\u00e4umsausstellung zum 150. Geburtstag von Ida Dehmel mit GEDOK K\u00fcnstlerinnen aus dem gesamten Bundesgebiet<\/p>\n<p>2019<br \/>\nEUROPA WOHIN Pilotprojekt des Landes Nordrhein-Westfalen mit Sch\u00fclern<br \/>\nEINBLICKE &#8211; DURCHBLICKE Ballhaus D\u00fcsseldorf<br \/>\nJAHRESAUSSTELLUNG Verein Meerbuscher K\u00fcnstler in der Teloym\u00fchle<br \/>\nEinfrierung in der Ausschreibung der Stadt Meerbusch zum Kunstpfad am Latumersee<br \/>\nAusstellung dazu in der Delos M\u00fchle Meerbusch, 3m Skulptur, \u201eErdantenne\u201c<\/p>\n<p>2018<br \/>\nPARADISEBOXES wachsende Wanderausstellung der D\u00fcsseldorfer K\u00fcnstlerinnen<br \/>\nGEDANKEN S\u00c4EN Kunst in der Apsis, evangelische Kirche, Meerbusch<br \/>\nTRANFORMATION, 50 Jahre St\u00e4dtepartnerschaft mit Fousenant Objekt f\u00fcr den \u00f6ffentlichen Raum, Fousenant<\/p>\n<p>2017<br \/>\nFOREVER YOUNG!? K\u00fcnstlerinnen der GEDOK im Dialog mit dem Alter Kloster Willebadessen<br \/>\nBRENNEN F\u00dcR DIE KUNST, GEDOK-Galerie Detmold<br \/>\nGEDANKEN S\u00c4EN, Kunst in der Apsis Meerbusch<\/p>\n<p>(K) Katalog<\/p>\n<\/div><\/section><\/div>\n\n<style type=\"text\/css\" data-created_by=\"avia_inline_auto\" id=\"style-css-av-31jvam-21a4bd2a47da26e02c33e65dee7735e8\">\n.flex_column.av-31jvam-21a4bd2a47da26e02c33e65dee7735e8{\nborder-radius:0px 0px 0px 0px;\npadding:0px 0px 0px 0px;\n}\n<\/style>\n<div  class='flex_column av-31jvam-21a4bd2a47da26e02c33e65dee7735e8 av_one_half  avia-builder-el-16  el_after_av_one_half  avia-builder-el-last  flex_column_div av-zero-column-padding  column-top-margin'     ><section  class='av_textblock_section av-jtflqs8b-69ad47e085af1d2a9e147dd9fbf9d47a '   itemscope=\"itemscope\" itemtype=\"https:\/\/schema.org\/CreativeWork\" ><div class='avia_textblock'  itemprop=\"text\" ><p>2016<br \/>\nAUFRECHT STEHN, Skulptur \u201eErdantenne\u201cund Kunstaktion, Galerie van Eyk, Aktion zum Frauenwelttag<br \/>\nTRANSFORMATION, Gestaltung der Plakatwand gegen Ausl\u00e4nderfeindlichkeit der Stadt Meerbusch (zur Zeit vor dem Kulturtreffpunkt Wasserturm zu sehen)<\/p>\n<p>2015<br \/>\nUTOPIA 2 K\u00fcnstlerforum Remagen<br \/>\nBEFREIUNG Wanderausstellung zum Gedenken an die Befreiung des KZ Bergen Belsen, St\u00e4dtische Galerie<br \/>\nKUBUS Hannover, Kloster Willebadessen, Rathaus Nienburg, Kloster Mariensee, Theater L\u00fcneburg, Marktkirche Hannover<br \/>\nHERE AND THERE BBK D\u00fcsseldorf<br \/>\nUTOPIA Bunkerkirche D\u00fcsseldorf (K)<br \/>\nGABRIELE M\u00dcNTER \u2013 DIE BLAUE REITERIN UND IHR FREUNDESKREIS frauenmuseum Bonn (K)<\/p>\n<p>2014<br \/>\nRhondda Heritage Park Gallery, Wales \/ Gro\u00dfbritannien (K)<br \/>\nMid Wales Art Center, Caersws, Wales \/ Gro\u00dfbritannien (K)<br \/>\nREFUGIUM Bunkerkirche D\u00fcsseldorf<br \/>\nREICHWEITE Arbeitsaufenthalt im Atelier van Eyk (K)<\/p>\n<p>2013<br \/>\nHAVAIANAS Ausstellungsprojekt in Rio de Janeiro \/ Brasilien<br \/>\nTAG DER KUNST Galerie Schmiedenhof, Schwalmtal (K)<br \/>\nMAGIE DES GERUCHS Kloster Willebadessen EVO Frauenmuseum Bonn (K)<br \/>\nVOYAGE Gallery Gnaegy, Dannenberg<\/p>\n<p>2012<br \/>\nVOYAGE Heinrich-Heine-Institut D\u00fcsseldorf<br \/>\nARS UNA Benediktinerkloster Willebadessen (K)<br \/>\nBEWEGTER WIND Internationaler Kunstwettbewerb Kreis Waldeck<br \/>\nDAS GR\u00dcNE HAUS Frauenmuseum Bonn (K)<br \/>\nKUNST IN DER APSIS Evangelische Kirche Osterath<br \/>\nIM NETZ St\u00e4dtische Galerie Kaarst (K)<\/p>\n<p>2011<br \/>\nAUF.WIND 85 Jahre Bundes-GEDOK, St. Georgen, Wismar (K)<br \/>\nKunstpreis 2012 (2. Preis) \u2022 \u201cArs Una\u201d Gedok OWL, in Kloster Willebadessen<br \/>\nFrauenmuseum Bonn<br \/>\n\u201e13 aus 31\u201c D\u00fcsseldorfer K\u00fcnstlerinnen, Hilden<br \/>\n\u201eDer Faden der Ariadne\u201c GEDOK Niedersachsen, KUBUS Hannover<br \/>\n\u201eWo ist Sophia \u2013 die Weisheit des Leibes\u201c GEDOK Bonn, Frauenmuseum Bonn<br \/>\n\u201ePASSAGE\u201c 100 Jahre D\u00fcsseldorfer K\u00fcnstlerinnen, Rathausgalerie Kaarst<\/p>\n<p>(K) Katalog<\/p>\n<p>Preise<br \/>\nThusnelda Kunstpreis 2012, f\u00fcr die Installation \u201ewar&#8230;ist&#8230;wird\u201c<br \/>\nCharlotte Open&#8230; 2004 internationaler SchmuckWettbewerb, Ehinger Schwarz, Ulm<\/p>\n<\/div><\/section><\/div>\n","protected":false},"excerpt":{"rendered":"","protected":false},"author":9,"featured_media":0,"parent":0,"menu_order":40,"comment_status":"closed","ping_status":"closed","template":"","meta":{"footnotes":""},"class_list":["post-8753","page","type-page","status-publish","hentry"],"_links":{"self":[{"href":"https:\/\/matre.de\/en\/wp-json\/wp\/v2\/pages\/8753","targetHints":{"allow":["GET"]}}],"collection":[{"href":"https:\/\/matre.de\/en\/wp-json\/wp\/v2\/pages"}],"about":[{"href":"https:\/\/matre.de\/en\/wp-json\/wp\/v2\/types\/page"}],"author":[{"embeddable":true,"href":"https:\/\/matre.de\/en\/wp-json\/wp\/v2\/users\/9"}],"replies":[{"embeddable":true,"href":"https:\/\/matre.de\/en\/wp-json\/wp\/v2\/comments?post=8753"}],"version-history":[{"count":5,"href":"https:\/\/matre.de\/en\/wp-json\/wp\/v2\/pages\/8753\/revisions"}],"predecessor-version":[{"id":8757,"href":"https:\/\/matre.de\/en\/wp-json\/wp\/v2\/pages\/8753\/revisions\/8757"}],"wp:attachment":[{"href":"https:\/\/matre.de\/en\/wp-json\/wp\/v2\/media?parent=8753"}],"curies":[{"name":"wp","href":"https:\/\/api.w.org\/{rel}","templated":true}]}}